{"id":100539,"date":"2024-12-17T11:22:36","date_gmt":"2024-12-17T11:22:36","guid":{"rendered":"https:\/\/arcocolor.ee\/tjanster\/"},"modified":"2026-02-08T11:50:42","modified_gmt":"2026-02-08T11:50:42","slug":"tjanster","status":"publish","type":"page","link":"https:\/\/arcocolor.ee\/sv\/tjanster\/","title":{"rendered":"Tj\u00e4nster"},"content":{"rendered":"<p>[et_pb_section fb_built=&#8221;1&#8243; _builder_version=&#8221;4.27.4&#8243; _module_preset=&#8221;default&#8221; custom_margin=&#8221;60px||||false|false&#8221; custom_padding=&#8221;90px||90px||true|false&#8221; global_colors_info=&#8221;{}&#8221;][et_pb_row column_structure=&#8221;1_2,1_2&#8243; _builder_version=&#8221;4.27.4&#8243; _module_preset=&#8221;default&#8221; hover_enabled=&#8221;0&#8243; global_colors_info=&#8221;{}&#8221; min_height=&#8221;60vh&#8221; sticky_enabled=&#8221;0&#8243;][et_pb_column type=&#8221;1_2&#8243; _builder_version=&#8221;4.27.4&#8243; _module_preset=&#8221;default&#8221; global_colors_info=&#8221;{}&#8221;][et_pb_text _builder_version=&#8221;4.27.4&#8243; _module_preset=&#8221;default&#8221; global_colors_info=&#8221;{}&#8221;]<b>Pulverlackering<\/b><span> \u00e4r en tj\u00e4nst som vi erbjuder b\u00e5de f\u00f6retag och privatpersoner. Kundens \u00f6nskan att f\u00e5 en h\u00e5llbar och h\u00f6gkvalitativ ytbel\u00e4ggning p\u00e5 sina detaljer \u00e4r lag f\u00f6r oss.<\/span><\/p>\n<blockquote><p><span>Vi anv\u00e4nder pulverf\u00e4rger fr\u00e5n Akzo Nobel, v\u00e4rldens st\u00f6rsta tillverkare av pulverf\u00e4rger.<\/span><\/p><\/blockquote>\n<p>V\u00e5ra st\u00f6rre kunder \u00e4r f\u00f6retag vars verksamhetsomr\u00e5den omfattar fasadbyggnation, ventilationsarbeten, tillverkning av taktillbeh\u00f6r, reklamskyltning samt l\u00e4ttmetall f\u00f6nster och d\u00f6rrar, samt leverans av interi\u00f6relement. Vi anv\u00e4nder pulverf\u00e4rger fr\u00e5n Akzo Nobel, v\u00e4rldens st\u00f6rsta tillverkare av pulverf\u00e4rger. Dessutom utf\u00f6r vi olika arbeten relaterade till pulverlackering. Om du \u00e4r intresserad av arbete relaterat till pulverlackering \u2013 kom, fr\u00e5ga och vi hj\u00e4lper dig![\/et_pb_text][\/et_pb_column][et_pb_column type=&#8221;1_2&#8243; _builder_version=&#8221;4.27.4&#8243; _module_preset=&#8221;default&#8221; global_colors_info=&#8221;{}&#8221;][et_pb_image src=&#8221;https:\/\/arcocolor.ee\/wp-content\/uploads\/2025\/10\/DSC_0144-1024&#215;576.jpg&#8221; title_text=&#8221;DSC_0144&#8243; _builder_version=&#8221;4.27.4&#8243; _module_preset=&#8221;default&#8221; global_colors_info=&#8221;{}&#8221;][\/et_pb_image][\/et_pb_column][\/et_pb_row][\/et_pb_section]<\/p>\n","protected":false},"excerpt":{"rendered":"<p>Pulverlackering \u00e4r en tj\u00e4nst som vi erbjuder b\u00e5de f\u00f6retag och privatpersoner. Kundens \u00f6nskan att f\u00e5 en h\u00e5llbar och h\u00f6gkvalitativ ytbel\u00e4ggning p\u00e5 sina detaljer \u00e4r lag f\u00f6r oss. Vi anv\u00e4nder pulverf\u00e4rger fr\u00e5n Akzo Nobel, v\u00e4rldens st\u00f6rsta tillverkare av pulverf\u00e4rger. V\u00e5ra st\u00f6rre kunder \u00e4r f\u00f6retag vars verksamhetsomr\u00e5den omfattar fasadbyggnation, ventilationsarbeten, tillverkning av taktillbeh\u00f6r, reklamskyltning samt l\u00e4ttmetall f\u00f6nster [&hellip;]<\/p>\n","protected":false},"author":1,"featured_media":0,"parent":0,"menu_order":0,"comment_status":"closed","ping_status":"closed","template":"","meta":{"_et_pb_use_builder":"on","_et_pb_old_content":"","_et_gb_content_width":"","footnotes":""},"class_list":["post-100539","page","type-page","status-publish","hentry"],"_links":{"self":[{"href":"https:\/\/arcocolor.ee\/sv\/wp-json\/wp\/v2\/pages\/100539","targetHints":{"allow":["GET"]}}],"collection":[{"href":"https:\/\/arcocolor.ee\/sv\/wp-json\/wp\/v2\/pages"}],"about":[{"href":"https:\/\/arcocolor.ee\/sv\/wp-json\/wp\/v2\/types\/page"}],"author":[{"embeddable":true,"href":"https:\/\/arcocolor.ee\/sv\/wp-json\/wp\/v2\/users\/1"}],"replies":[{"embeddable":true,"href":"https:\/\/arcocolor.ee\/sv\/wp-json\/wp\/v2\/comments?post=100539"}],"version-history":[{"count":4,"href":"https:\/\/arcocolor.ee\/sv\/wp-json\/wp\/v2\/pages\/100539\/revisions"}],"predecessor-version":[{"id":100545,"href":"https:\/\/arcocolor.ee\/sv\/wp-json\/wp\/v2\/pages\/100539\/revisions\/100545"}],"wp:attachment":[{"href":"https:\/\/arcocolor.ee\/sv\/wp-json\/wp\/v2\/media?parent=100539"}],"curies":[{"name":"wp","href":"https:\/\/api.w.org\/{rel}","templated":true}]}}