{"id":100533,"date":"2024-12-17T11:32:56","date_gmt":"2024-12-17T11:32:56","guid":{"rendered":"https:\/\/arcocolor.ee\/integritetspolicy\/"},"modified":"2026-02-08T11:50:28","modified_gmt":"2026-02-08T11:50:28","slug":"integritetspolicy","status":"publish","type":"page","link":"https:\/\/arcocolor.ee\/sv\/integritetspolicy\/","title":{"rendered":"Integritetspolicy"},"content":{"rendered":"<p>[et_pb_section fb_built=&#8221;1&#8243; _builder_version=&#8221;4.27.4&#8243; _module_preset=&#8221;default&#8221; custom_padding=&#8221;0px||||false|false&#8221; global_colors_info=&#8221;{}&#8221;][et_pb_row _builder_version=&#8221;4.27.4&#8243; _module_preset=&#8221;default&#8221; global_colors_info=&#8221;{}&#8221;][et_pb_column type=&#8221;4_4&#8243; _builder_version=&#8221;4.27.4&#8243; _module_preset=&#8221;default&#8221; global_colors_info=&#8221;{}&#8221;][et_pb_text _builder_version=&#8221;4.27.4&#8243; _module_preset=&#8221;default&#8221; text_font=&#8221;|||on|||||&#8221; text_font_size=&#8221;12px&#8221; text_letter_spacing=&#8221;2px&#8221; link_text_color=&#8221;#000000&#8243; text_orientation=&#8221;center&#8221; custom_margin=&#8221;||60px|||&#8221; hover_enabled=&#8221;0&#8243; text_font_size_last_edited=&#8221;off|desktop&#8221; custom_css_free_form=&#8221;selector{||  font-weight: 500;||  width:fit-content;||  margin:auto;||}||selector:before{||  content: %22%22;||  position: absolute;||  right: calc(100% + 30px);||  top: 10px;||  width: 100vw;||  height: 1px;||  background-color: rgba(0, 0, 0, .1);||}&#8221; global_colors_info=&#8221;{%22gcid-secondary-color%22:%91%22link_text_color__hover%22%93}&#8221; link_text_color__hover_enabled=&#8221;on|hover&#8221; link_text_color__hover=&#8221;gcid-secondary-color&#8221; sticky_enabled=&#8221;0&#8243;]<\/p>\n<p><a href=\"\/\">Hem<\/a> \/ Integritetspolicy<\/p>\n<p>[\/et_pb_text][et_pb_text _builder_version=&#8221;4.27.4&#8243; _module_preset=&#8221;default&#8221; header_2_text_align=&#8221;center&#8221; custom_margin=&#8221;||110px|||&#8221; custom_margin_tablet=&#8221;||110px|||&#8221; custom_margin_phone=&#8221;||60px||false|false&#8221; custom_margin_last_edited=&#8221;on|phone&#8221; global_colors_info=&#8221;{}&#8221;]<\/p>\n<h2>Integritets<span class=\"aur-thin\">policy<\/span><\/h2>\n<p>[\/et_pb_text][et_pb_text module_class=&#8221;single-post-text&#8221; _builder_version=&#8221;4.27.4&#8243; _module_preset=&#8221;default&#8221; header_2_font_size=&#8221;36px&#8221; text_font_size_tablet=&#8221;&#8221; text_font_size_phone=&#8221;&#8221; text_font_size_last_edited=&#8221;on|desktop&#8221; header_2_font_size_tablet=&#8221;36px&#8221; header_2_font_size_phone=&#8221;26px&#8221; header_2_font_size_last_edited=&#8221;on|phone&#8221; global_colors_info=&#8221;{}&#8221;]<\/p>\n<p>P\u00e5 Aurora, tillg\u00e4nglig fr\u00e5n <a href=\"https:\/\/aurora.divi-layouts-pro.com\/\">https:\/\/aurora.divi-layouts-pro.com\/<\/a>, \u00e4r en av v\u00e5ra huvudprioriteringar integriteten f\u00f6r v\u00e5ra bes\u00f6kare. Detta dokument f\u00f6r integritetspolicy inneh\u00e5ller typer av information som samlas in och registreras av Aurora och hur vi anv\u00e4nder den.<\/p>\n<p>Om ni har ytterligare fr\u00e5gor eller beh\u00f6ver mer information om v\u00e5r integritetspolicy, tveka inte att kontakta oss.<\/p>\n<h2 class=\"wp-block-heading\">Loggfiler<\/h2>\n<p>Aurora f\u00f6ljer en standardprocedur f\u00f6r att anv\u00e4nda loggfiler. Dessa filer loggar bes\u00f6kare n\u00e4r de bes\u00f6ker webbplatser. Alla webbhotellf\u00f6retag g\u00f6r detta och det \u00e4r en del av webbhotellstj\u00e4nsternas analys. Informationen som samlas in av loggfiler inkluderar internetprotokoll (IP) adresser, webbl\u00e4sartyp, internetleverant\u00f6r (ISP), datum- och tidsst\u00e4mpel, h\u00e4nvisande\/avslutande sidor och eventuellt antalet klick. Dessa \u00e4r inte kopplade till n\u00e5gon information som \u00e4r personligt identifierbar. Syftet med informationen \u00e4r att analysera trender, administrera webbplatsen, sp\u00e5ra anv\u00e4ndarnas r\u00f6relser p\u00e5 webbplatsen och samla demografisk information. V\u00e5r integritetspolicy skapades med hj\u00e4lp av<span> <\/span><a href=\"https:\/\/www.privacypolicyonline.com\/privacy-policy-generator\/\">Integritetspolicygeneratorn<\/a>.<\/p>\n<h2 class=\"wp-block-heading\" id=\"cookies\">Cookies och webbfyrar<\/h2>\n<p>Som alla andra webbplatser anv\u00e4nder Aurora &#8221;cookies&#8221;. Dessa cookies anv\u00e4nds f\u00f6r att lagra information inklusive bes\u00f6karnas preferenser och sidorna p\u00e5 webbplatsen som bes\u00f6karen har \u00e5tkomst till eller bes\u00f6kt. Informationen anv\u00e4nds f\u00f6r att optimera anv\u00e4ndarnas upplevelse genom att anpassa v\u00e5rt webbsideinneh\u00e5ll baserat p\u00e5 bes\u00f6karnas webbl\u00e4sartyp och\/eller annan information.<\/p>\n<p>F\u00f6r mer allm\u00e4n information om cookies, v\u00e4nligen l\u00e4s<span> <\/span><a href=\"https:\/\/www.privacypolicyonline.com\/what-are-cookies\/\">artikeln &#8221;Cookies&#8221; fr\u00e5n integritetspolicygeneratorn<\/a>.<\/p>\n<h2 class=\"wp-block-heading\">Integritetspolicyer<\/h2>\n<p>Ni kan konsultera denna lista f\u00f6r att hitta integritetspolicyn f\u00f6r var och en av Auroras reklampartners.<\/p>\n<p>Tredjepartsannonsservrar eller annonsn\u00e4tverk anv\u00e4nder teknologier som cookies, JavaScript eller webbfyrar som anv\u00e4nds i deras respektive annonser och l\u00e4nkar som visas p\u00e5 Aurora, vilka skickas direkt till anv\u00e4ndarnas webbl\u00e4sare. De f\u00e5r automatiskt er IP-adress n\u00e4r detta intr\u00e4ffar. Dessa teknologier anv\u00e4nds f\u00f6r att m\u00e4ta effektiviteten av deras reklamkampanjer och\/eller f\u00f6r att personalisera reklaminneh\u00e5llet som ni ser p\u00e5 webbplatser som ni bes\u00f6ker.<\/p>\n<p>Observera att Aurora inte har tillg\u00e5ng till eller kontroll \u00f6ver dessa cookies som anv\u00e4nds av tredjepartsannons\u00f6rer.<\/p>\n<h2 class=\"wp-block-heading\">Tredjeparternas integritetspolicyer<\/h2>\n<p>Auroras integritetspolicy g\u00e4ller inte f\u00f6r andra annons\u00f6rer eller webbplatser. D\u00e4rf\u00f6r r\u00e5der vi er att konsultera respektive integritetspolicyer f\u00f6r dessa tredjepartsannonsservrar f\u00f6r mer detaljerad information. Det kan inkludera deras praxis och instruktioner om hur man v\u00e4ljer bort vissa alternativ.<\/p>\n<p>Ni kan v\u00e4lja att inaktivera cookies genom era individuella webbl\u00e4saralternativ. F\u00f6r att f\u00e5 mer detaljerad information om cookiehantering med specifika webbl\u00e4sare kan det hittas p\u00e5 webbl\u00e4sarnas respektive webbplatser. Vad \u00e4r cookies?<\/p>\n<h2 class=\"wp-block-heading\">Barns information<\/h2>\n<p>En annan del av v\u00e5r prioritet \u00e4r att l\u00e4gga till skydd f\u00f6r barn n\u00e4r de anv\u00e4nder internet. Vi uppmuntrar f\u00f6r\u00e4ldrar och v\u00e5rdnadshavare att observera, delta i och\/eller \u00f6vervaka och v\u00e4gleda deras onlineaktivitet.<\/p>\n<p>Aurora samlar inte medvetet in n\u00e5gon personligt identifierbar information fr\u00e5n barn under 13 \u00e5rs \u00e5lder. Om ni tror att ert barn har l\u00e4mnat denna typ av information p\u00e5 v\u00e5r webbplats uppmuntrar vi er starkt att kontakta oss omedelbart och vi kommer att g\u00f6ra v\u00e5rt b\u00e4sta f\u00f6r att snabbt ta bort s\u00e5dan information fr\u00e5n v\u00e5ra register.<\/p>\n<h2 class=\"wp-block-heading\">Endast onlineintegritetspolicy<\/h2>\n<p>Denna integritetspolicy g\u00e4ller endast f\u00f6r v\u00e5ra onlineaktiviteter och \u00e4r giltig f\u00f6r bes\u00f6kare p\u00e5 v\u00e5r webbplats med avseende p\u00e5 den information som de delade och\/eller samlar in i Aurora. Denna policy \u00e4r inte till\u00e4mplig p\u00e5 n\u00e5gon information som samlas in offline eller via andra kanaler \u00e4n denna webbplats.<\/p>\n<h2 class=\"wp-block-heading\">Samtycke<\/h2>\n<p>Genom att anv\u00e4nda v\u00e5r webbplats samtycker ni h\u00e4rmed till v\u00e5r integritetspolicy och godk\u00e4nner dess villkor och best\u00e4mmelser.<\/p>\n<p>[\/et_pb_text][\/et_pb_column][\/et_pb_row][\/et_pb_section]<\/p>\n","protected":false},"excerpt":{"rendered":"<p>Hem \/ IntegritetspolicyIntegritetspolicyP\u00e5 Aurora, tillg\u00e4nglig fr\u00e5n https:\/\/aurora.divi-layouts-pro.com\/, \u00e4r en av v\u00e5ra huvudprioriteringar integriteten f\u00f6r v\u00e5ra bes\u00f6kare. Detta dokument f\u00f6r integritetspolicy inneh\u00e5ller typer av information som samlas in och registreras av Aurora och hur vi anv\u00e4nder den. Om ni har ytterligare fr\u00e5gor eller beh\u00f6ver mer information om v\u00e5r integritetspolicy, tveka inte att kontakta oss. Loggfiler Aurora [&hellip;]<\/p>\n","protected":false},"author":1,"featured_media":0,"parent":0,"menu_order":0,"comment_status":"closed","ping_status":"closed","template":"","meta":{"_et_pb_use_builder":"on","_et_pb_old_content":"","_et_gb_content_width":"","footnotes":""},"class_list":["post-100533","page","type-page","status-publish","hentry"],"_links":{"self":[{"href":"https:\/\/arcocolor.ee\/sv\/wp-json\/wp\/v2\/pages\/100533","targetHints":{"allow":["GET"]}}],"collection":[{"href":"https:\/\/arcocolor.ee\/sv\/wp-json\/wp\/v2\/pages"}],"about":[{"href":"https:\/\/arcocolor.ee\/sv\/wp-json\/wp\/v2\/types\/page"}],"author":[{"embeddable":true,"href":"https:\/\/arcocolor.ee\/sv\/wp-json\/wp\/v2\/users\/1"}],"replies":[{"embeddable":true,"href":"https:\/\/arcocolor.ee\/sv\/wp-json\/wp\/v2\/comments?post=100533"}],"version-history":[{"count":2,"href":"https:\/\/arcocolor.ee\/sv\/wp-json\/wp\/v2\/pages\/100533\/revisions"}],"predecessor-version":[{"id":100535,"href":"https:\/\/arcocolor.ee\/sv\/wp-json\/wp\/v2\/pages\/100533\/revisions\/100535"}],"wp:attachment":[{"href":"https:\/\/arcocolor.ee\/sv\/wp-json\/wp\/v2\/media?parent=100533"}],"curies":[{"name":"wp","href":"https:\/\/api.w.org\/{rel}","templated":true}]}}