{"id":100375,"date":"2025-10-23T12:04:46","date_gmt":"2025-10-23T12:04:46","guid":{"rendered":"https:\/\/arcocolor.ee\/om-farger\/"},"modified":"2026-02-08T11:48:48","modified_gmt":"2026-02-08T11:48:48","slug":"om-farger","status":"publish","type":"page","link":"https:\/\/arcocolor.ee\/sv\/om-farger\/","title":{"rendered":"Om f\u00e4rger"},"content":{"rendered":"<p>[et_pb_section fb_built=&#8221;1&#8243; _builder_version=&#8221;4.27.4&#8243; _module_preset=&#8221;default&#8221; custom_margin=&#8221;60px||||false|false&#8221; custom_padding=&#8221;90px||90px||true|false&#8221; global_colors_info=&#8221;{}&#8221; theme_builder_area=&#8221;post_content&#8221;][et_pb_row column_structure=&#8221;1_2,1_2&#8243; _builder_version=&#8221;4.27.4&#8243; _module_preset=&#8221;default&#8221; global_colors_info=&#8221;{}&#8221; theme_builder_area=&#8221;post_content&#8221;][et_pb_column type=&#8221;1_2&#8243; _builder_version=&#8221;4.27.4&#8243; _module_preset=&#8221;default&#8221; global_colors_info=&#8221;{}&#8221; theme_builder_area=&#8221;post_content&#8221;][et_pb_text _builder_version=&#8221;4.27.4&#8243; _module_preset=&#8221;default&#8221; hover_enabled=&#8221;0&#8243; global_colors_info=&#8221;{}&#8221; theme_builder_area=&#8221;post_content&#8221; quote_font_size=&#8221;12px&#8221; sticky_enabled=&#8221;0&#8243;]<\/p>\n<p><b>Pulverf\u00e4rg eller termoreaktiv<\/b><span> <\/span>\u00e4r en f\u00e4rg som genom kemisk reaktion vid uppv\u00e4rmning i ugn ger en mekaniskt stark och h\u00e5llbar film. Pulverf\u00e4rg klassificeras enligt egenskaper i grupper:<\/p>\n<p>1. Epoxy (f\u00f6r inomhusmilj\u00f6er, baserat p\u00e5 slagt\u00e5lighet)<br \/>2. Epoxy-polyester (interi\u00f6relement)<br \/>3. Polyestrar (v\u00e4derbest\u00e4ndiga, f\u00f6r utomhusmilj\u00f6er)<br \/>4. Polyuretaner (detaljer avsedda f\u00f6r s\u00e4rskilt sv\u00e5ra v\u00e4derf\u00f6rh\u00e5llanden)<\/p>\n<p>Vi anv\u00e4nder pulverf\u00e4rger fr\u00e5n v\u00e4rldens st\u00f6rsta pulverf\u00e4rgstillverkare Akzo Nobel (varum\u00e4rke INTERPON).<\/p>\n<p>&nbsp;<\/p>\n<blockquote>\n<h6 class=\"blockquote_text\">Pulverf\u00e4rg eller termoreaktiv \u00e4r en f\u00e4rg som genom kemisk reaktion vid uppv\u00e4rmning i ugn ger en mekaniskt stark och h\u00e5llbar film.<\/h6>\n<\/blockquote>\n<p>[\/et_pb_text][\/et_pb_column][et_pb_column type=&#8221;1_2&#8243; _builder_version=&#8221;4.27.4&#8243; _module_preset=&#8221;default&#8221; global_colors_info=&#8221;{}&#8221; theme_builder_area=&#8221;post_content&#8221;][et_pb_image src=&#8221;https:\/\/arcocolor.ee\/wp-content\/uploads\/2025\/10\/20170927_121834_1000.png&#8221; title_text=&#8221;20170927_121834_1000&#8243; _builder_version=&#8221;4.27.4&#8243; _module_preset=&#8221;default&#8221; hover_enabled=&#8221;0&#8243; global_colors_info=&#8221;{}&#8221; theme_builder_area=&#8221;post_content&#8221; sticky_enabled=&#8221;0&#8243;][\/et_pb_image][\/et_pb_column][\/et_pb_row][et_pb_row _builder_version=&#8221;4.27.4&#8243; _module_preset=&#8221;default&#8221; theme_builder_area=&#8221;post_content&#8221; custom_padding=&#8221;4px|||||&#8221;][et_pb_column _builder_version=&#8221;4.27.4&#8243; _module_preset=&#8221;default&#8221; type=&#8221;4_4&#8243; theme_builder_area=&#8221;post_content&#8221;][et_pb_text _builder_version=&#8221;4.27.4&#8243; _module_preset=&#8221;default&#8221; theme_builder_area=&#8221;post_content&#8221; hover_enabled=&#8221;0&#8243; sticky_enabled=&#8221;0&#8243;]<\/p>\n<div class=\"wpb_text_column wpb_content_element \">\n<div class=\"wpb_wrapper\">\n<p>Epoxy, Interpon 100-serien: Interpon 100 representerar en serie pulverf\u00e4rger baserade p\u00e5 epoxiharts, som \u00e4r avsedda f\u00f6r att f\u00f6rse produkter och deras komponenter med optimal mekanisk motst\u00e5ndskraft och utm\u00e4rkta skyddsegenskaper under f\u00f6rh\u00e5llanden d\u00e4r l\u00e5ngvarig exponering f\u00f6r UV-str\u00e5lning och v\u00e4derf\u00f6rh\u00e5llanden inte f\u00f6rv\u00e4ntas.<\/p>\n<p>Epoxy-polyester Interpon 700-serien: Interpon 700 representerar en serie pulverf\u00e4rger baserade p\u00e5 epoxiharts\/hybridpolyestrar, som har b\u00e4sta f\u00e4rgbest\u00e4ndighet, v\u00e4rmebest\u00e4ndighet och motst\u00e5ndskraft mot UV-str\u00e5lning j\u00e4mf\u00f6rt med Interpon 100-serien som produceras p\u00e5 basis av ren epoxiharts.<\/p>\n<p>Polyester Interpon TC-serien: Interpon TC \u00e4r en av de mest anv\u00e4nda, polyesterbaserade TGIC-fria pulverf\u00e4rgserierna. TC har h\u00f6g motst\u00e5ndskraft mot v\u00e4derf\u00f6rh\u00e5llanden och ljus.<\/p>\n<\/div>\n<\/div>\n<div class=\"separator transparent center \"><\/div>\n<div class=\"wpb_text_column wpb_content_element \">\n<div class=\"wpb_wrapper\">\n<p>Arkitekturkvalitetspolyestrar Interpon D94 och Interpon D36: Interpon D94 (Interpon D94 HR Gloss) \u00e4r en polyesterf\u00e4rg till vilken ytterligare \u00e4mnen har tillsatts f\u00f6r att uppn\u00e5 v\u00e4derbest\u00e4ndighet och representerar en serie pulverf\u00e4rger f\u00f6r bel\u00e4ggning av aluminiumkonstruktioner och galvaniserat st\u00e5l. Interpon D94 som erbjuds i ett rikt f\u00e4rgutbud inneh\u00e5ller inte TGIC. Som en del av fasadpulverf\u00e4rgsserien har Interpon D94 utm\u00e4rkt t\u00e5lighet mot v\u00e4derf\u00f6rh\u00e5llanden och f\u00e4rgbest\u00e4ndighet och uppfyller alla grundl\u00e4ggande europeiska standarder f\u00f6r konstruktionsbel\u00e4ggningar. Alla Interpon D94-f\u00e4rger uppfyller fullst\u00e4ndigt normerna BS6496:1984, BS6497:1984, Qualicoat Class 1 och GSB.<\/p>\n<p>Interpon D36 uppfyller ocks\u00e5 alla ovann\u00e4mnda krav och finns tillg\u00e4nglig i ett stort urval \u00e4ven med l\u00e5g glansgrad (30 %)<\/p>\n<\/div>\n<\/div>\n<div class=\"separator transparent center \"><\/div>\n<div class=\"wpb_text_column wpb_content_element \">\n<div class=\"wpb_wrapper\">\n<p>Zinkinneh\u00e5llande grundf\u00e4rg PZ 790 eller zinkgrund: Pulverzink PZ 790\/polyzink \u00e4r en ny typ av zinkpulverbaserad grundf\u00e4rg (grund) som har testats p\u00e5 flera platser i v\u00e4rlden inklusive Sverige. Produkten PZ 790 \u00e4r avsedd f\u00f6r skydd av st\u00e5lyt\u043e\u0440, f\u00f6r att p\u00e5skynda denna process j\u00e4mf\u00f6rt med exempelvis varmbehandling. D\u00e4rf\u00f6r sker b\u00e5de m\u00e5lning och applicering av zinkpulver i samma verkstad med samma utrustning. Vid tester genomf\u00f6rda i Sverige fastst\u00e4lldes att PZ 790 kan j\u00e4mf\u00f6ras med st\u00e5lbehandling med varmf\u00f6rzinkning. Man m\u00e5ste dock komma ih\u00e5g att PZ 790 alltid kr\u00e4ver tonad pulverf\u00e4rg som ytbel\u00e4ggning. Testerna bevisade ocks\u00e5 att PZ 790 \u00e4r m\u00e4rkbart b\u00e4ttre \u00e4n zinkfosfatpl\u00e5t som var grundad med v\u00e5t grundf\u00e4rg och vars toppf\u00e4rg var polyesterpulverf\u00e4rg. I alla tester genomf\u00f6rda i Sverige anv\u00e4ndes Interpon polyesterpulverf\u00e4rg av typ 12 688 godk\u00e4nd av VCE (Volvo Construction Equipment \u2013 Volvo konstruktionsutrustning).<\/p>\n<p>F\u00f6r arbete med pulverf\u00e4rger anv\u00e4nds RAL-, NCS- och RR-f\u00e4rgkartor, varav RAL \u00e4r mest utbredd.<\/p>\n<p>Dessutom finns specialeffektf\u00e4rger, pulverlack, strukturf\u00e4rger etc.<\/p>\n<p>*TGIC-free: Milj\u00f6v\u00e4nlig och h\u00e4lsos\u00e4ker tungmetallfri pulverf\u00e4rg.<\/p>\n<\/div>\n<\/div>\n<p>[\/et_pb_text][\/et_pb_column][\/et_pb_row][\/et_pb_section]<\/p>\n","protected":false},"excerpt":{"rendered":"<p>Pulverf\u00e4rg eller termoreaktiv \u00e4r en f\u00e4rg som genom kemisk reaktion vid uppv\u00e4rmning i ugn ger en mekaniskt stark och h\u00e5llbar film. Pulverf\u00e4rg klassificeras enligt egenskaper i grupper: 1. Epoxy (f\u00f6r inomhusmilj\u00f6er, baserat p\u00e5 slagt\u00e5lighet)2. Epoxy-polyester (interi\u00f6relement)3. Polyestrar (v\u00e4derbest\u00e4ndiga, f\u00f6r utomhusmilj\u00f6er)4. Polyuretaner (detaljer avsedda f\u00f6r s\u00e4rskilt sv\u00e5ra v\u00e4derf\u00f6rh\u00e5llanden) Vi anv\u00e4nder pulverf\u00e4rger fr\u00e5n v\u00e4rldens st\u00f6rsta pulverf\u00e4rgstillverkare Akzo [&hellip;]<\/p>\n","protected":false},"author":1,"featured_media":0,"parent":0,"menu_order":0,"comment_status":"closed","ping_status":"closed","template":"","meta":{"_et_pb_use_builder":"on","_et_pb_old_content":"","_et_gb_content_width":"","footnotes":""},"class_list":["post-100375","page","type-page","status-publish","hentry"],"_links":{"self":[{"href":"https:\/\/arcocolor.ee\/sv\/wp-json\/wp\/v2\/pages\/100375","targetHints":{"allow":["GET"]}}],"collection":[{"href":"https:\/\/arcocolor.ee\/sv\/wp-json\/wp\/v2\/pages"}],"about":[{"href":"https:\/\/arcocolor.ee\/sv\/wp-json\/wp\/v2\/types\/page"}],"author":[{"embeddable":true,"href":"https:\/\/arcocolor.ee\/sv\/wp-json\/wp\/v2\/users\/1"}],"replies":[{"embeddable":true,"href":"https:\/\/arcocolor.ee\/sv\/wp-json\/wp\/v2\/comments?post=100375"}],"version-history":[{"count":1,"href":"https:\/\/arcocolor.ee\/sv\/wp-json\/wp\/v2\/pages\/100375\/revisions"}],"predecessor-version":[{"id":100380,"href":"https:\/\/arcocolor.ee\/sv\/wp-json\/wp\/v2\/pages\/100375\/revisions\/100380"}],"wp:attachment":[{"href":"https:\/\/arcocolor.ee\/sv\/wp-json\/wp\/v2\/media?parent=100375"}],"curies":[{"name":"wp","href":"https:\/\/api.w.org\/{rel}","templated":true}]}}