{"id":100370,"date":"2025-10-23T12:04:11","date_gmt":"2025-10-23T12:04:11","guid":{"rendered":"https:\/\/arcocolor.ee\/kund-abc\/"},"modified":"2026-02-21T18:32:25","modified_gmt":"2026-02-21T18:32:25","slug":"kund-abc","status":"publish","type":"page","link":"https:\/\/arcocolor.ee\/sv\/kund-abc\/","title":{"rendered":"Kund ABC"},"content":{"rendered":"<p>[et_pb_section fb_built=&#8221;1&#8243; _builder_version=&#8221;4.27.4&#8243; _module_preset=&#8221;default&#8221; custom_margin=&#8221;60px||||false|false&#8221; custom_padding=&#8221;90px||90px||true|false&#8221; global_colors_info=&#8221;{}&#8221;][et_pb_row _builder_version=&#8221;4.27.4&#8243; _module_preset=&#8221;default&#8221; global_colors_info=&#8221;{}&#8221;][et_pb_column type=&#8221;4_4&#8243; _builder_version=&#8221;4.27.4&#8243; _module_preset=&#8221;default&#8221; global_colors_info=&#8221;{}&#8221;][et_pb_text _builder_version=&#8221;4.27.4&#8243; _module_preset=&#8221;default&#8221; global_colors_info=&#8221;{}&#8221;]<\/p>\n<ol>\n<li>Ta med fraktsedeln tillsammans med varorna eller fyll i den p\u00e5 plats.<\/li>\n<li>Leverera inte rostigt material f\u00f6r m\u00e5lning.<\/li>\n<li>Leverera detaljerna torra.<\/li>\n<li>Anv\u00e4nd inte tejp p\u00e5 ytan som ska m\u00e5las.<\/li>\n<li>Anv\u00e4nd inte m\u00e4rkpenna p\u00e5 ytan som ska m\u00e5las.<\/li>\n<li>Skydda detaljerna fr\u00e5n mekaniska skador under transport.<\/li>\n<li>Upph\u00e4ngningsh\u00e5l f\u00f6r detaljer ska koordineras p\u00e5 detta telefonnummer: Karl Ihermann 5067058<\/li>\n<li>\u00d6nskade krav ska meddelas innan best\u00e4llning av m\u00e5ltj\u00e4nsten och koordineras med Karl Ihermann.<\/li>\n<\/ol>\n<div class=\"wpb_text_column wpb_content_element \">\n<div class=\"wpb_wrapper\">\n<p>Om det inte \u00e4r m\u00f6jligt att uppfylla n\u00e5gon av dessa punkter m\u00e5ste man r\u00e4kna med extra kostnader.<\/p>\n<p><strong>F\u00f6r prisf\u00f6rfr\u00e5gningar v\u00e4nligen kontakta <a href=\"mailto:karl@arcocolor.ee\">karl@arcocolor.ee<\/a><\/strong><\/p>\n<p><strong><\/strong><\/p>\n<\/div>\n<\/div>\n<div class=\"wpb_text_column wpb_content_element \">\n<div class=\"wpb_wrapper\">\n<p>Vi \u00f6nskar ett trevligt samarbete!<br \/>AS Arco Color<\/p>\n<\/div>\n<\/div>\n<p>[\/et_pb_text][\/et_pb_column][\/et_pb_row][et_pb_row _builder_version=&#8221;4.27.4&#8243; _module_preset=&#8221;default&#8221; global_colors_info=&#8221;{}&#8221;][et_pb_column type=&#8221;4_4&#8243; _builder_version=&#8221;4.27.4&#8243; _module_preset=&#8221;default&#8221; global_colors_info=&#8221;{}&#8221;][et_pb_image src=&#8221;https:\/\/arcocolor.ee\/wp-content\/uploads\/2025\/10\/7.jpg&#8221; title_text=&#8221;7&#8243; _builder_version=&#8221;4.27.4&#8243; _module_preset=&#8221;default&#8221; global_colors_info=&#8221;{}&#8221;][\/et_pb_image][\/et_pb_column][\/et_pb_row][\/et_pb_section]<\/p>\n","protected":false},"excerpt":{"rendered":"<p>Ta med fraktsedeln tillsammans med varorna eller fyll i den p\u00e5 plats. Leverera inte rostigt material f\u00f6r m\u00e5lning. Leverera detaljerna torra. Anv\u00e4nd inte tejp p\u00e5 ytan som ska m\u00e5las. Anv\u00e4nd inte m\u00e4rkpenna p\u00e5 ytan som ska m\u00e5las. Skydda detaljerna fr\u00e5n mekaniska skador under transport. Upph\u00e4ngningsh\u00e5l f\u00f6r detaljer ska koordineras p\u00e5 detta telefonnummer: Karl Ihermann 5067058 [&hellip;]<\/p>\n","protected":false},"author":1,"featured_media":0,"parent":0,"menu_order":0,"comment_status":"closed","ping_status":"closed","template":"","meta":{"_et_pb_use_builder":"on","_et_pb_old_content":"","_et_gb_content_width":"","footnotes":""},"class_list":["post-100370","page","type-page","status-publish","hentry"],"_links":{"self":[{"href":"https:\/\/arcocolor.ee\/sv\/wp-json\/wp\/v2\/pages\/100370","targetHints":{"allow":["GET"]}}],"collection":[{"href":"https:\/\/arcocolor.ee\/sv\/wp-json\/wp\/v2\/pages"}],"about":[{"href":"https:\/\/arcocolor.ee\/sv\/wp-json\/wp\/v2\/types\/page"}],"author":[{"embeddable":true,"href":"https:\/\/arcocolor.ee\/sv\/wp-json\/wp\/v2\/users\/1"}],"replies":[{"embeddable":true,"href":"https:\/\/arcocolor.ee\/sv\/wp-json\/wp\/v2\/comments?post=100370"}],"version-history":[{"count":3,"href":"https:\/\/arcocolor.ee\/sv\/wp-json\/wp\/v2\/pages\/100370\/revisions"}],"predecessor-version":[{"id":100700,"href":"https:\/\/arcocolor.ee\/sv\/wp-json\/wp\/v2\/pages\/100370\/revisions\/100700"}],"wp:attachment":[{"href":"https:\/\/arcocolor.ee\/sv\/wp-json\/wp\/v2\/media?parent=100370"}],"curies":[{"name":"wp","href":"https:\/\/api.w.org\/{rel}","templated":true}]}}