{"id":100337,"date":"2025-10-23T12:09:45","date_gmt":"2025-10-23T12:09:45","guid":{"rendered":"https:\/\/arcocolor.ee\/presentation\/"},"modified":"2026-02-08T11:47:44","modified_gmt":"2026-02-08T11:47:44","slug":"presentation","status":"publish","type":"page","link":"https:\/\/arcocolor.ee\/sv\/presentation\/","title":{"rendered":"Presentation"},"content":{"rendered":"<p>[et_pb_section fb_built=&#8221;1&#8243; _builder_version=&#8221;4.27.4&#8243; _module_preset=&#8221;default&#8221; custom_margin=&#8221;60px||||false|false&#8221; custom_padding=&#8221;90px||90px||true|false&#8221; global_colors_info=&#8221;{}&#8221;][et_pb_row column_structure=&#8221;1_2,1_2&#8243; _builder_version=&#8221;4.27.4&#8243; _module_preset=&#8221;default&#8221; global_colors_info=&#8221;{}&#8221;][et_pb_column type=&#8221;1_2&#8243; _builder_version=&#8221;4.27.4&#8243; _module_preset=&#8221;default&#8221; global_colors_info=&#8221;{}&#8221;][et_pb_text _builder_version=&#8221;4.27.4&#8243; _module_preset=&#8221;default&#8221; hover_enabled=&#8221;0&#8243; global_colors_info=&#8221;{}&#8221; sticky_enabled=&#8221;0&#8243;]<b>AS Arco Color<\/b><span> \u00e4r ett f\u00f6retag grundat med estniskt privat kapital, vars verksamhetsomr\u00e5de \u00e4r pulverlackering och tillhandah\u00e5llande av denna tj\u00e4nst. F\u00f6retaget har samlat specialister inom sitt omr\u00e5de, vars dagliga arbete har varit denna verksamhet i redan 25 \u00e5r.<\/span><\/p>\n<blockquote><p><span>F\u00f6retaget har samlat specialister inom sitt omr\u00e5de, vars dagliga arbete har varit denna verksamhet i redan 25 \u00e5r.<\/span><\/p><\/blockquote>\n<div class=\"certificate-box\" style=\"margin-top: 35px; margin-bottom: 30px; display: flex; gap: 40px;\">\n<div><a href=\"\/wp-content\/uploads\/2026\/01\/arco-color-cerf.pdf\"><img decoding=\"async\" src=\"\/wp-content\/uploads\/2025\/11\/Metro-1.jpg\"><\/a><\/div>\n<div><a href=\"\/wp-content\/uploads\/2026\/01\/arco-color-cerf.pdf\" target=\"_blank\" style=\"font-size: 14;\" rel=\"noopener\">Visa certifikat<\/a><\/div>\n<\/div>\n<p>F\u00f6rbehandling av detaljer som ska lackas utf\u00f6rs p\u00e5 en automatisk tv\u00e4ttlinje, d\u00e4r moderna och milj\u00f6v\u00e4nliga material anv\u00e4nds. Vid val av teknologi har vi utg\u00e5tt fr\u00e5n principen som g\u00f6r det m\u00f6jligt f\u00f6r oss att kvalitativt reng\u00f6ra s\u00e5v\u00e4l svart metall, f\u00f6rzinkad st\u00e5l som aluminium. Anv\u00e4ndning av milj\u00f6v\u00e4nligt tv\u00e4ttmedel \u00e4r ett nytt steg f\u00f6r att separera fett och olja fr\u00e5n metaller. Pulverlackering sker p\u00e5 en halvautomatisk linje med pulverf\u00e4rger. F\u00f6r kvalitetens skull anv\u00e4nder vi som f\u00f6rsta i Baltikum metallernas f\u00f6rbehandlingssystem Oxilan.<\/p>\n<p><strong>M\u00e5tt p\u00e5 detaljer som ska tv\u00e4ttas: upp till 3500 x 1200 x 2000 mm och 150 kg. M\u00e5tt p\u00e5 detaljer som ska lackas: upp till 8000 x 1200 x 2100 mm och 500 kg.<\/strong>[\/et_pb_text][\/et_pb_column][et_pb_column type=&#8221;1_2&#8243; _builder_version=&#8221;4.27.4&#8243; _module_preset=&#8221;default&#8221; global_colors_info=&#8221;{}&#8221;][et_pb_image src=&#8221;https:\/\/arcocolor.ee\/wp-content\/uploads\/2025\/10\/20170921_122246-1-1024&#215;768.jpg&#8221; title_text=&#8221;20170921_122246 (1)&#8221; _builder_version=&#8221;4.27.4&#8243; _module_preset=&#8221;default&#8221; global_colors_info=&#8221;{}&#8221;][\/et_pb_image][\/et_pb_column][\/et_pb_row][et_pb_row column_structure=&#8221;1_2,1_2&#8243; _builder_version=&#8221;4.27.4&#8243; _module_preset=&#8221;default&#8221; global_colors_info=&#8221;{}&#8221;][et_pb_column type=&#8221;1_2&#8243; _builder_version=&#8221;4.27.4&#8243; _module_preset=&#8221;default&#8221; global_colors_info=&#8221;{}&#8221;][et_pb_image src=&#8221;https:\/\/arcocolor.ee\/wp-content\/uploads\/2025\/11\/1.jpg&#8221; title_text=&#8221;1&#8243; _builder_version=&#8221;4.27.4&#8243; _module_preset=&#8221;default&#8221; global_colors_info=&#8221;{}&#8221;][\/et_pb_image][\/et_pb_column][et_pb_column type=&#8221;1_2&#8243; _builder_version=&#8221;4.27.4&#8243; _module_preset=&#8221;default&#8221; global_colors_info=&#8221;{}&#8221;][et_pb_image src=&#8221;https:\/\/arcocolor.ee\/wp-content\/uploads\/2025\/11\/2.jpg&#8221; title_text=&#8221;2&#8243; _builder_version=&#8221;4.27.4&#8243; _module_preset=&#8221;default&#8221; global_colors_info=&#8221;{}&#8221;][\/et_pb_image][\/et_pb_column][\/et_pb_row][\/et_pb_section]<\/p>\n","protected":false},"excerpt":{"rendered":"<p>AS Arco Color \u00e4r ett f\u00f6retag grundat med estniskt privat kapital, vars verksamhetsomr\u00e5de \u00e4r pulverlackering och tillhandah\u00e5llande av denna tj\u00e4nst. F\u00f6retaget har samlat specialister inom sitt omr\u00e5de, vars dagliga arbete har varit denna verksamhet i redan 25 \u00e5r. F\u00f6retaget har samlat specialister inom sitt omr\u00e5de, vars dagliga arbete har varit denna verksamhet i redan 25 [&hellip;]<\/p>\n","protected":false},"author":1,"featured_media":0,"parent":0,"menu_order":0,"comment_status":"closed","ping_status":"closed","template":"","meta":{"_et_pb_use_builder":"on","_et_pb_old_content":"","_et_gb_content_width":"","footnotes":""},"class_list":["post-100337","page","type-page","status-publish","hentry"],"_links":{"self":[{"href":"https:\/\/arcocolor.ee\/sv\/wp-json\/wp\/v2\/pages\/100337","targetHints":{"allow":["GET"]}}],"collection":[{"href":"https:\/\/arcocolor.ee\/sv\/wp-json\/wp\/v2\/pages"}],"about":[{"href":"https:\/\/arcocolor.ee\/sv\/wp-json\/wp\/v2\/types\/page"}],"author":[{"embeddable":true,"href":"https:\/\/arcocolor.ee\/sv\/wp-json\/wp\/v2\/users\/1"}],"replies":[{"embeddable":true,"href":"https:\/\/arcocolor.ee\/sv\/wp-json\/wp\/v2\/comments?post=100337"}],"version-history":[{"count":1,"href":"https:\/\/arcocolor.ee\/sv\/wp-json\/wp\/v2\/pages\/100337\/revisions"}],"predecessor-version":[{"id":100340,"href":"https:\/\/arcocolor.ee\/sv\/wp-json\/wp\/v2\/pages\/100337\/revisions\/100340"}],"wp:attachment":[{"href":"https:\/\/arcocolor.ee\/sv\/wp-json\/wp\/v2\/media?parent=100337"}],"curies":[{"name":"wp","href":"https:\/\/api.w.org\/{rel}","templated":true}]}}