{"id":100589,"date":"2024-12-05T21:46:47","date_gmt":"2024-12-05T21:46:47","guid":{"rendered":"https:\/\/arcocolor.ee\/etusivu\/"},"modified":"2026-02-08T14:15:10","modified_gmt":"2026-02-08T14:15:10","slug":"etusivu","status":"publish","type":"page","link":"https:\/\/arcocolor.ee\/fi\/","title":{"rendered":"Etusivu"},"content":{"rendered":"<p>[et_pb_section fb_built=&#8221;1&#8243; admin_label=&#8221;HEADER&#8221; module_id=&#8221;aur-header&#8221; _builder_version=&#8221;4.27.4&#8243; _module_preset=&#8221;default&#8221; background_color=&#8221;#000000&#8243; min_height=&#8221;100vh&#8221; custom_padding=&#8221;0px||0px||false|false&#8221; custom_css_free_form=&#8221;selector{||  overflow:hidden !important;||  display: flex;||  align-content: flex-end;||  flex-wrap: wrap;||  flex-direction:column;||}&#8221; global_colors_info=&#8221;{}&#8221;][et_pb_row _builder_version=&#8221;4.27.4&#8243; _module_preset=&#8221;default&#8221; width=&#8221;100%&#8221; max_width=&#8221;100%&#8221; custom_margin=&#8221;0px||||false|false&#8221; motion_trigger_start=&#8221;top&#8221; global_colors_info=&#8221;{}&#8221;][et_pb_column type=&#8221;4_4&#8243; _builder_version=&#8221;4.27.4&#8243; _module_preset=&#8221;default&#8221; global_colors_info=&#8221;{}&#8221;][et_pb_code _builder_version=&#8221;4.27.4&#8243; _module_preset=&#8221;default&#8221; positioning=&#8221;absolute&#8221; width=&#8221;100%&#8221; scroll_vertical_motion=&#8221;0|16|16|100|7|0|0&#8243; scroll_fade=&#8221;100|100|100|100|0|100|100&#8243; scroll_rotating=&#8221;50|50|50|100|90|0|0&#8243; motion_trigger_start=&#8221;top&#8221; global_colors_info=&#8221;{}&#8221;][\/et_pb_code][\/et_pb_column][\/et_pb_row][et_pb_row _builder_version=&#8221;4.27.4&#8243; _module_preset=&#8221;default&#8221; custom_margin=&#8221;0px||0px||false|false&#8221; custom_padding=&#8221;||200px||false|false&#8221; motion_trigger_start=&#8221;top&#8221; global_colors_info=&#8221;{}&#8221;][et_pb_column type=&#8221;4_4&#8243; _builder_version=&#8221;4.27.4&#8243; _module_preset=&#8221;default&#8221; global_colors_info=&#8221;{}&#8221;][et_pb_text _builder_version=&#8221;4.27.4&#8243; _module_preset=&#8221;default&#8221; text_text_color=&#8221;rgba(255,255,255,0.4)&#8221; header_text_color=&#8221;#FFFFFF&#8221; header_font_size=&#8221;86px&#8221; header_2_text_color=&#8221;#FFFFFF&#8221; custom_margin=&#8221;||50px|||&#8221; motion_trigger_start=&#8221;top&#8221; header_font_size_tablet=&#8221;58px&#8221; header_font_size_phone=&#8221;34px&#8221; header_font_size_last_edited=&#8221;on|phone&#8221; global_colors_info=&#8221;{}&#8221;]<\/p>\n<h1>Jauhemaalaus<\/h1>\n<p>[\/et_pb_text][et_pb_text _builder_version=&#8221;4.27.4&#8243; _module_preset=&#8221;default&#8221; text_text_color=&#8221;#b5b5b5&#8243; header_text_color=&#8221;#FFFFFF&#8221; header_font_size=&#8221;86px&#8221; header_2_text_color=&#8221;#FFFFFF&#8221; max_width=&#8221;455px&#8221; custom_margin=&#8221;||11px|||&#8221; motion_trigger_start=&#8221;top&#8221; global_colors_info=&#8221;{}&#8221;]<span>AS Arco Color on virolainen yksityisomistuksessa oleva yritys, jonka toimialana on jauhemaalauspalveluiden tarjoaminen. Yritykseen on ker\u00e4\u00e4ntynyt alansa asiantuntijoita, joiden p\u00e4ivitt\u00e4isen\u00e4 ty\u00f6n\u00e4 t\u00e4m\u00e4 toimiala on ollut jo 25 vuotta. Jauhemaalaus tapahtuu puoliautomaattisella linjalla jauhemaaleilla. Laadun nimiss\u00e4 k\u00e4yt\u00e4mme Baltian maista ensimm\u00e4isen\u00e4 metallien esipuhdistusj\u00e4rjestelm\u00e4\u00e4 Oxilan.<\/span>[\/et_pb_text][\/et_pb_column][\/et_pb_row][\/et_pb_section][et_pb_section fb_built=&#8221;1&#8243; admin_label=&#8221;ABOUT&#8221; module_id=&#8221;about&#8221; _builder_version=&#8221;4.27.4&#8243; _module_preset=&#8221;default&#8221; custom_padding=&#8221;0px||0px||false|false&#8221; global_colors_info=&#8221;{}&#8221;][et_pb_row column_structure=&#8221;1_2,1_2&#8243; make_equal=&#8221;on&#8221; custom_padding_last_edited=&#8221;on|tablet&#8221; _builder_version=&#8221;4.27.4&#8243; _module_preset=&#8221;default&#8221; z_index=&#8221;1&#8243; custom_padding=&#8221;110px||110px||true|false&#8221; custom_padding_tablet=&#8221;80px||80px||true|false&#8221; custom_padding_phone=&#8221;80px||80px||true|false&#8221; motion_trigger_start=&#8221;top&#8221; global_colors_info=&#8221;{}&#8221;][et_pb_column type=&#8221;1_2&#8243; module_class=&#8221;aur-vertical-center&#8221; _builder_version=&#8221;4.27.4&#8243; _module_preset=&#8221;default&#8221; global_colors_info=&#8221;{}&#8221;][et_pb_text _builder_version=&#8221;4.27.4&#8243; _module_preset=&#8221;default&#8221; custom_margin=&#8221;||40px|||&#8221; scroll_vertical_motion_enable=&#8221;on&#8221; scroll_vertical_motion=&#8221;0|45|45|100|0.35|0|0&#8243; scroll_fade_enable=&#8221;on&#8221; scroll_fade=&#8221;0|45|45|100|0|100|100&#8243; scroll_scaling_enable=&#8221;on&#8221; scroll_scaling=&#8221;0|45|45|100|95%|100|100&#8243; motion_trigger_start=&#8221;top&#8221; global_colors_info=&#8221;{}&#8221;]<\/p>\n<h2>Tietoa yrityksest\u00e4<\/h2>\n<p>[\/et_pb_text][et_pb_text _builder_version=&#8221;4.27.4&#8243; _module_preset=&#8221;default&#8221; max_width=&#8221;445px&#8221; max_width_tablet=&#8221;445px&#8221; max_width_phone=&#8221;445px&#8221; max_width_last_edited=&#8221;on|desktop&#8221; custom_margin=&#8221;||45px|||&#8221; scroll_vertical_motion_enable=&#8221;on&#8221; scroll_vertical_motion=&#8221;0|45|45|100|0.35|0|0&#8243; scroll_fade_enable=&#8221;on&#8221; scroll_fade=&#8221;0|45|45|100|0|100|100&#8243; scroll_scaling_enable=&#8221;on&#8221; scroll_scaling=&#8221;0|45|45|100|95%|100|100&#8243; motion_trigger_start=&#8221;top&#8221; global_colors_info=&#8221;{}&#8221;]<\/p>\n<p>AS Arco Color on virolainen yksityisomistuksessa oleva yritys, jonka toimialana on jauhemaalauspalveluiden tarjoaminen. Yritykseen on ker\u00e4\u00e4ntynyt alansa asiantuntijoita, joiden p\u00e4ivitt\u00e4isen\u00e4 ty\u00f6n\u00e4 t\u00e4m\u00e4 toimiala on ollut jo 25 vuotta. Jauhemaalaus tapahtuu puoliautomaattisella linjalla jauhemaaleilla. Laadun nimiss\u00e4 k\u00e4yt\u00e4mme Baltian maista ensimm\u00e4isen\u00e4 metallien esipuhdistusj\u00e4rjestelm\u00e4\u00e4 Oxilan.<\/p>\n<p>[\/et_pb_text][\/et_pb_column][et_pb_column type=&#8221;1_2&#8243; _builder_version=&#8221;4.27.4&#8243; _module_preset=&#8221;default&#8221; custom_css_free_form=&#8221;selector{||\tposition:static !important;||}&#8221; global_colors_info=&#8221;{}&#8221;][et_pb_image src=&#8221;https:\/\/arcocolor.ee\/wp-content\/uploads\/2025\/11\/DSC_0137_500.png&#8221; title_text=&#8221;DSC_0137_500&#8243; align=&#8221;right&#8221; align_tablet=&#8221;center&#8221; align_phone=&#8221;center&#8221; align_last_edited=&#8221;on|tablet&#8221; _builder_version=&#8221;4.27.4&#8243; _module_preset=&#8221;default&#8221; z_index=&#8221;2&#8243; max_width=&#8221;450px&#8221; custom_margin=&#8221;||0px||false|false&#8221; scroll_vertical_motion_enable=&#8221;on&#8221; scroll_vertical_motion=&#8221;0|45|45|100|0.35|0|0&#8243; scroll_fade_enable=&#8221;on&#8221; scroll_fade=&#8221;0|45|45|100|0|100|100&#8243; scroll_scaling_enable=&#8221;on&#8221; scroll_scaling=&#8221;0|45|45|100|95%|100|100&#8243; motion_trigger_start=&#8221;top&#8221; global_colors_info=&#8221;{}&#8221;][\/et_pb_image][et_pb_code disabled_on=&#8221;on|on|off&#8221; _builder_version=&#8221;4.27.4&#8243; _module_preset=&#8221;default&#8221; positioning=&#8221;absolute&#8221; position_origin_a=&#8221;center_center&#8221; z_index=&#8221;-1&#8243; width=&#8221;100%&#8221; motion_trigger_start=&#8221;top&#8221; custom_css_free_form=&#8221;selector, selector .mil-lines-place, selector .et_pb_code_inner{||\twidth: fit-content !important;||\twidth: intrinsic !important;||\twidth: -moz-max-content !important;||\twidth: -webkit-max-content !important;||}&#8221; global_colors_info=&#8221;{}&#8221;]<\/p>\n<div class=\"mil-lines-place\"><svg xmlns=\"http:\/\/www.w3.org\/2000\/svg\" width=\"250\" viewbox=\"0 0 300 1404\" fill=\"none\" class=\"mil-lines\"> <path fill-rule=\"evenodd\" clip-rule=\"evenodd\" d=\"M1 892L1 941H299V892C299 809.71 232.29 743 150 743C67.7096 743 1 809.71 1 892ZM0 942H300V892C300 809.157 232.843 742 150 742C67.1573 742 0 809.157 0 892L0 942Z\" class=\"mil-move\"><\/path> <path fill-rule=\"evenodd\" clip-rule=\"evenodd\" d=\"M299 146V97L1 97V146C1 228.29 67.7096 295 150 295C232.29 295 299 228.29 299 146ZM300 96L0 96V146C0 228.843 67.1573 296 150 296C232.843 296 300 228.843 300 146V96Z\" class=\"mil-move\"><\/path> <path fill-rule=\"evenodd\" clip-rule=\"evenodd\" d=\"M299 1H1V1403H299V1ZM0 0V1404H300V0H0Z\"><\/path> <path fill-rule=\"evenodd\" clip-rule=\"evenodd\" d=\"M150 -4.37115e-08L150 1404L149 1404L149 0L150 -4.37115e-08Z\"><\/path> <path fill-rule=\"evenodd\" clip-rule=\"evenodd\" d=\"M150 1324C232.29 1324 299 1257.29 299 1175C299 1092.71 232.29 1026 150 1026C67.7096 1026 1 1092.71 1 1175C1 1257.29 67.7096 1324 150 1324ZM150 1325C232.843 1325 300 1257.84 300 1175C300 1092.16 232.843 1025 150 1025C67.1573 1025 0 1092.16 0 1175C0 1257.84 67.1573 1325 150 1325Z\" class=\"mil-move\"><\/path> <path fill-rule=\"evenodd\" clip-rule=\"evenodd\" d=\"M300 1175H0V1174H300V1175Z\" class=\"mil-move\"><\/path> <path fill-rule=\"evenodd\" clip-rule=\"evenodd\" d=\"M150 678C232.29 678 299 611.29 299 529C299 446.71 232.29 380 150 380C67.7096 380 1 446.71 1 529C1 611.29 67.7096 678 150 678ZM150 679C232.843 679 300 611.843 300 529C300 446.157 232.843 379 150 379C67.1573 379 0 446.157 0 529C0 611.843 67.1573 679 150 679Z\" class=\"mil-move\"><\/path> <path fill-rule=\"evenodd\" clip-rule=\"evenodd\" d=\"M299 380H1V678H299V380ZM0 379V679H300V379H0Z\" class=\"mil-move\"><\/path> <\/svg><\/div>\n<p>[\/et_pb_code][\/et_pb_column][\/et_pb_row][\/et_pb_section][et_pb_section fb_built=&#8221;1&#8243; admin_label=&#8221;SERVICES&#8221; _builder_version=&#8221;4.27.4&#8243; _module_preset=&#8221;default&#8221; background_color=&#8221;#000000&#8243; custom_padding=&#8221;0px||0px||false|false&#8221; custom_css_free_form=&#8221;selector{||  overflow:hidden;||}&#8221; global_colors_info=&#8221;{}&#8221;][et_pb_row _builder_version=&#8221;4.27.4&#8243; _module_preset=&#8221;default&#8221; width=&#8221;100%&#8221; max_width=&#8221;100%&#8221; custom_padding=&#8221;0px||0px||true|false&#8221; motion_trigger_start=&#8221;top&#8221; global_colors_info=&#8221;{}&#8221;][et_pb_column type=&#8221;4_4&#8243; _builder_version=&#8221;4.27.4&#8243; _module_preset=&#8221;default&#8221; global_colors_info=&#8221;{}&#8221;][et_pb_code _builder_version=&#8221;4.27.4&#8243; _module_preset=&#8221;default&#8221; motion_trigger_start=&#8221;top&#8221; global_colors_info=&#8221;{}&#8221;]<\/p>\n<div class=\"mil-animation-frame\">\n<div class=\"mil-animation mil-position-1 mil-scale\" data-value-1=\"2.4\" data-value-2=\"1.4\" style=\"top: 300px; right: -100px; translate: none; rotate: none; scale: none; transform: scale(1.4, 1.4);\">\n<div class=\"mil-dodecahedron\">\n<div class=\"mil-pentagon\">\n<div><\/div>\n<div><\/div>\n<div><\/div>\n<div><\/div>\n<div><\/div>\n<\/div>\n<div class=\"mil-pentagon\">\n<div><\/div>\n<div><\/div>\n<div><\/div>\n<div><\/div>\n<div><\/div>\n<\/div>\n<div class=\"mil-pentagon\">\n<div><\/div>\n<div><\/div>\n<div><\/div>\n<div><\/div>\n<div><\/div>\n<\/div>\n<div class=\"mil-pentagon\">\n<div><\/div>\n<div><\/div>\n<div><\/div>\n<div><\/div>\n<div><\/div>\n<\/div>\n<div class=\"mil-pentagon\">\n<div><\/div>\n<div><\/div>\n<div><\/div>\n<div><\/div>\n<div><\/div>\n<\/div>\n<div class=\"mil-pentagon\">\n<div><\/div>\n<div><\/div>\n<div><\/div>\n<div><\/div>\n<div><\/div>\n<\/div>\n<div class=\"mil-pentagon\">\n<div><\/div>\n<div><\/div>\n<div><\/div>\n<div><\/div>\n<div><\/div>\n<\/div>\n<div class=\"mil-pentagon\">\n<div><\/div>\n<div><\/div>\n<div><\/div>\n<div><\/div>\n<div><\/div>\n<\/div>\n<div class=\"mil-pentagon\">\n<div><\/div>\n<div><\/div>\n<div><\/div>\n<div><\/div>\n<div><\/div>\n<\/div>\n<div class=\"mil-pentagon\">\n<div><\/div>\n<div><\/div>\n<div><\/div>\n<div><\/div>\n<div><\/div>\n<\/div>\n<div class=\"mil-pentagon\">\n<div><\/div>\n<div><\/div>\n<div><\/div>\n<div><\/div>\n<div><\/div>\n<\/div>\n<div class=\"mil-pentagon\">\n<div><\/div>\n<div><\/div>\n<div><\/div>\n<div><\/div>\n<div><\/div>\n<\/div>\n<\/div>\n<\/div>\n<div class=\"mil-animation mil-position-2 mil-scale\" data-value-1=\"2\" data-value-2=\"1\" style=\"left: 150px; translate: none; rotate: none; scale: none; transform: translate(0px, 0px);\">\n<div class=\"mil-dodecahedron\">\n<div class=\"mil-pentagon\">\n<div><\/div>\n<div><\/div>\n<div><\/div>\n<div><\/div>\n<div><\/div>\n<\/div>\n<div class=\"mil-pentagon\">\n<div><\/div>\n<div><\/div>\n<div><\/div>\n<div><\/div>\n<div><\/div>\n<\/div>\n<div class=\"mil-pentagon\">\n<div><\/div>\n<div><\/div>\n<div><\/div>\n<div><\/div>\n<div><\/div>\n<\/div>\n<div class=\"mil-pentagon\">\n<div><\/div>\n<div><\/div>\n<div><\/div>\n<div><\/div>\n<div><\/div>\n<\/div>\n<div class=\"mil-pentagon\">\n<div><\/div>\n<div><\/div>\n<div><\/div>\n<div><\/div>\n<div><\/div>\n<\/div>\n<div class=\"mil-pentagon\">\n<div><\/div>\n<div><\/div>\n<div><\/div>\n<div><\/div>\n<div><\/div>\n<\/div>\n<div class=\"mil-pentagon\">\n<div><\/div>\n<div><\/div>\n<div><\/div>\n<div><\/div>\n<div><\/div>\n<\/div>\n<div class=\"mil-pentagon\">\n<div><\/div>\n<div><\/div>\n<div><\/div>\n<div><\/div>\n<div><\/div>\n<\/div>\n<div class=\"mil-pentagon\">\n<div><\/div>\n<div><\/div>\n<div><\/div>\n<div><\/div>\n<div><\/div>\n<\/div>\n<div class=\"mil-pentagon\">\n<div><\/div>\n<div><\/div>\n<div><\/div>\n<div><\/div>\n<div><\/div>\n<\/div>\n<div class=\"mil-pentagon\">\n<div><\/div>\n<div><\/div>\n<div><\/div>\n<div><\/div>\n<div><\/div>\n<\/div>\n<div class=\"mil-pentagon\">\n<div><\/div>\n<div><\/div>\n<div><\/div>\n<div><\/div>\n<div><\/div>\n<\/div>\n<\/div>\n<\/div>\n<\/div>\n<p>[\/et_pb_code][\/et_pb_column][\/et_pb_row][et_pb_row column_structure=&#8221;1_2,1_2&#8243; use_custom_gutter=&#8221;on&#8221; gutter_width=&#8221;1&#8243; make_equal=&#8221;on&#8221; _builder_version=&#8221;4.27.4&#8243; _module_preset=&#8221;default&#8221; width_tablet=&#8221;&#8221; width_phone=&#8221;100%&#8221; width_last_edited=&#8221;on|phone&#8221; custom_padding=&#8221;0px||0px|||&#8221; motion_trigger_start=&#8221;top&#8221; custom_css_free_form=&#8221;selector .et_pb_column .et_pb_promo{||  height: 100%;||}||@media screen and (max-width: 980px){||  selector .et_pb_column{||  \twidth:100% !important;||  }||}&#8221; global_colors_info=&#8221;{}&#8221;][et_pb_column type=&#8221;1_2&#8243; _builder_version=&#8221;4.27.4&#8243; _module_preset=&#8221;default&#8221; global_colors_info=&#8221;{}&#8221;][et_pb_cta title=&#8221;Palvelut&#8221; button_url=&#8221;@ET-DC@eyJkeW5hbWljIjp0cnVlLCJjb250ZW50IjoicG9zdF9saW5rX3VybF9wYWdlIiwic2V0dGluZ3MiOnsicG9zdF9pZCI6IjkxODg0In19@&#8221; button_text=&#8221; &#8221; _builder_version=&#8221;4.27.4&#8243; _dynamic_attributes=&#8221;button_url&#8221; _module_preset=&#8221;5831477a-e701-4292-891e-1ae9e16d589c&#8221; header_level=&#8221;h5&#8243; header_text_align=&#8221;left&#8221; header_font_size=&#8221;20px&#8221; header_line_height=&#8221;1.5em&#8221; body_text_align=&#8221;left&#8221; custom_button=&#8221;on&#8221; button_on_hover=&#8221;off&#8221; custom_padding=&#8221;60px|30px|60px|30px|true|true&#8221; motion_trigger_start=&#8221;top&#8221; custom_css_free_form=&#8221;selector .et_pb_module_header{||  margin-bottom:30px;||  color:#9aa3ae;||  transition:color .25s ease;||}||selector:hover .et_pb_module_header{||  color:#fff;||}||||selector .et_pb_promo_description div{||  opacity:1;||  transform:none;||  color:#9aa3ae;||  -webkit-transition: color .25s ease, -webkit-transform .4s cubic-bezier(0,0,.3642,1), opacity .4s cubic-bezier(0,0,.3642,1);||  transition: color .25s ease, transform .4s cubic-bezier(0,0,.3642,1), opacity .4s cubic-bezier(0,0,.3642,1);||}||selector:hover .et_pb_promo_description div{||  color:#fff;||}||||selector .et_pb_button_wrapper{||  margin-top: 30px;||}||selector .et_pb_button{||  width: 0px;||  padding: 0px !important;||  position: absolute;||  left: 16px;||  bottom: 60px;||}||selector .et_pb_button:after{||  -webkit-transform: scale(.3);||  transform: scale(.3);||  -webkit-filter: grayscale(100%);||  filter: grayscale(100%);||  opacity: .4 !important;||  color: var(&#8211;divi-secondary-color);||  font-size: 40px;||  position: absolute;||  line-height: 0;||  -webkit-transition: .4s cubic-bezier(0,0,.3642,1);||  transition: .4s cubic-bezier(0,0,.3642,1);||}||selector:hover .et_pb_button:after{||  -webkit-transform: scale(1.15);||  filter: none;||  opacity: 1 !important;||  transform: scale(1);||}||selector:before{||  content: %22%22;||  width: 0px;||  height: 4px;||  background: var(&#8211;divi-secondary-color);||  display: block;||  position: absolute;||  top: 0px;||  left: 0;||  transition: .6s cubic-bezier(0,0,.3642,1);||}||selector:hover:before{||  width: 100%;||}||||@media screen and (max-width: 980px) {||  selector .et_pb_button:after{||    -webkit-transform: scale(1.15);||    filter: none;||    opacity: 1 !important;||    transform: scale(1);||  }||  selector .et_pb_promo_description div{||    opacity:1;||    transform:none;||  }||}||&#8221; border_width_all=&#8221;1px&#8221; border_color_all=&#8221;rgba(255,255,255,0.1)&#8221; global_colors_info=&#8221;{}&#8221;]<\/p>\n<p><span>Tarjoamme palveluita sek\u00e4 yrityksille ett\u00e4 yksityishenkil\u00f6ille. Meille on laki asiakkaan toive saada yksityiskohdille kest\u00e4v\u00e4 ja laadukas pintak\u00e4sittely.<\/span><br \/><span>Suurimpia tilaajia ovat yritykset, joiden toimialoina ovat julkisivurakentaminen, ilmanvaihtoty\u00f6t, kattotarvikkeiden, mainostelineiden sek\u00e4 kevytmetallisten ikkunoiden ja ovien valmistus, sisustuselementtien tarjoaminen.<\/span><\/p>\n<p>[\/et_pb_cta][\/et_pb_column][et_pb_column type=&#8221;1_2&#8243; _builder_version=&#8221;4.27.4&#8243; _module_preset=&#8221;default&#8221; global_colors_info=&#8221;{}&#8221;][et_pb_cta title=&#8221;V\u00e4reist\u00e4&#8221; button_url=&#8221;@ET-DC@eyJkeW5hbWljIjp0cnVlLCJjb250ZW50IjoicG9zdF9saW5rX3VybF9wYWdlIiwic2V0dGluZ3MiOnsicG9zdF9pZCI6IjEwMDA2NCJ9fQ==@&#8221; button_text=&#8221; &#8221; _builder_version=&#8221;4.27.4&#8243; _dynamic_attributes=&#8221;button_url&#8221; _module_preset=&#8221;5831477a-e701-4292-891e-1ae9e16d589c&#8221; header_level=&#8221;h5&#8243; header_text_align=&#8221;left&#8221; header_font_size=&#8221;20px&#8221; header_line_height=&#8221;1.5em&#8221; body_text_align=&#8221;left&#8221; body_link_text_color=&#8221;#4fbcf2&#8243; custom_button=&#8221;on&#8221; button_on_hover=&#8221;off&#8221; custom_padding=&#8221;60px|30px|60px|30px|true|true&#8221; motion_trigger_start=&#8221;top&#8221; custom_css_free_form=&#8221;selector .et_pb_module_header{||  margin-bottom:30px;||  color:#9aa3ae;||  transition:color .25s ease;||}||selector:hover .et_pb_module_header{||  color:#fff;||}||||selector .et_pb_promo_description div{||  opacity:1;||  transform:none;||  color:#9aa3ae;||  -webkit-transition: color .25s ease, -webkit-transform .4s cubic-bezier(0,0,.3642,1), opacity .4s cubic-bezier(0,0,.3642,1);||  transition: color .25s ease, transform .4s cubic-bezier(0,0,.3642,1), opacity .4s cubic-bezier(0,0,.3642,1);||}||selector:hover .et_pb_promo_description div{||  color:#fff;||}||||selector .et_pb_button_wrapper{||  margin-top: 30px;||}||selector .et_pb_button{||  width: 0px;||  padding: 0px !important;||  position: absolute;||  left: 16px;||  bottom: 60px;||}||selector .et_pb_button:after{||  -webkit-transform: scale(.3);||  transform: scale(.3);||  -webkit-filter: grayscale(100%);||  filter: grayscale(100%);||  opacity: .4 !important;||  color: var(&#8211;divi-secondary-color);||  font-size: 40px;||  position: absolute;||  line-height: 0;||  -webkit-transition: .4s cubic-bezier(0,0,.3642,1);||  transition: .4s cubic-bezier(0,0,.3642,1);||}||selector:hover .et_pb_button:after{||  -webkit-transform: scale(1.15);||  filter: none;||  opacity: 1 !important;||  transform: scale(1);||}||selector:before{||  content: %22%22;||  width: 0px;||  height: 4px;||  background: var(&#8211;divi-secondary-color);||  display: block;||  position: absolute;||  top: 0px;||  left: 0;||  transition: .6s cubic-bezier(0,0,.3642,1);||}||selector:hover:before{||  width: 100%;||}||||@media screen and (max-width: 980px) {||  selector .et_pb_button:after{||    -webkit-transform: scale(1.15);||    filter: none;||    opacity: 1 !important;||    transform: scale(1);||  }||  selector .et_pb_promo_description div{||    opacity:1;||    transform:none;||  }||}||&#8221; border_width_all=&#8221;1px&#8221; border_color_all=&#8221;rgba(255,255,255,0.1)&#8221; global_colors_info=&#8221;{}&#8221;]<\/p>\n<p><span>Jauhemaali eli l\u00e4mp\u00f6kovettuva maali on maali, joka uunissa kuumennettaessa syntyv\u00e4n kemiallisen reaktion tuloksena muodostaa mekaanisesti vahvan ja kest\u00e4v\u00e4n kalvon. K\u00e4yt\u00e4mme maailman suurimman jauhemaalivalmistajan Akzo Nobel Powder Coatingsin jauhemaaleja. Virossa heid\u00e4n virallinen maahantuojansa ja kumppaninsa on Baltbinks O\u00dc, katso lis\u00e4tietoja ja tuotevalikoima: <a href=\"https:\/\/baltbinks.ee\/\" data-start=\"313\" data-end=\"353\" rel=\"noopener\" target=\"_new\" class=\"decorated-link cursor-pointer\">baltbinks.ee.<\/a> Jauhemaalien ty\u00f6st\u00e4miseen k\u00e4ytet\u00e4\u00e4n RAL-, NCS- ja RR-v\u00e4rikarttoja, joista yleisin on RAL. Lis\u00e4ksi on olemassa erikoisefektimaaleja, jauhelakkaa, struktuurimaaleja jne.<\/span><\/p>\n<p>[\/et_pb_cta][\/et_pb_column][\/et_pb_row][\/et_pb_section][et_pb_section fb_built=&#8221;1&#8243; _builder_version=&#8221;4.27.4&#8243; _module_preset=&#8221;default&#8221; custom_padding=&#8221;48px|||||&#8221; global_colors_info=&#8221;{}&#8221;][et_pb_row column_structure=&#8221;1_3,1_3,1_3&#8243; _builder_version=&#8221;4.27.4&#8243; _module_preset=&#8221;default&#8221; custom_padding=&#8221;40px||40px||true|false&#8221; global_colors_info=&#8221;{}&#8221;][et_pb_column type=&#8221;1_3&#8243; _builder_version=&#8221;4.27.4&#8243; _module_preset=&#8221;default&#8221; link_option_url=&#8221;\/wp-content\/uploads\/2025\/10\/ISO-9001-2015-sert-2022-EN.pdf&#8221; link_option_url_new_window=&#8221;on&#8221; global_colors_info=&#8221;{}&#8221;][et_pb_image src=&#8221;https:\/\/arcocolor.ee\/wp-content\/uploads\/2025\/11\/Metro-1.jpg&#8221; title_text=&#8221;Metro (1)&#8221; url=&#8221;https:\/\/arcocolor.ee\/wp-content\/uploads\/2025\/11\/ISO-9001-2015-2022-sert-EE.pdf&#8221; url_new_window=&#8221;on&#8221; align=&#8221;center&#8221; _builder_version=&#8221;4.27.4&#8243; _module_preset=&#8221;default&#8221; custom_padding=&#8221;23px||8px||false|false&#8221; global_colors_info=&#8221;{}&#8221;][\/et_pb_image][et_pb_text _builder_version=&#8221;4.27.4&#8243; _module_preset=&#8221;default&#8221; text_orientation=&#8221;center&#8221; link_option_url=&#8221;https:\/\/arcocolor.ee\/wp-content\/uploads\/2025\/11\/ISO-9001-2015-2022-sert-EE.pdf&#8221; link_option_url_new_window=&#8221;on&#8221; global_colors_info=&#8221;{}&#8221;]<\/p>\n<div class=\"wpb_text_column wpb_content_element \">\n<div class=\"wpb_wrapper\">\n<h5><span>Metrosert<\/span><\/h5>\n<\/div>\n<\/div>\n<p>[\/et_pb_text][\/et_pb_column][et_pb_column type=&#8221;1_3&#8243; _builder_version=&#8221;4.27.4&#8243; _module_preset=&#8221;default&#8221; global_colors_info=&#8221;{}&#8221;][et_pb_image src=&#8221;https:\/\/arcocolor.ee\/wp-content\/uploads\/2025\/11\/impr.png&#8221; title_text=&#8221;impr&#8221; align=&#8221;center&#8221; _builder_version=&#8221;4.27.4&#8243; _module_preset=&#8221;default&#8221; height=&#8221;80px&#8221; hover_enabled=&#8221;0&#8243; global_colors_info=&#8221;{}&#8221; sticky_enabled=&#8221;0&#8243;][\/et_pb_image][et_pb_text _builder_version=&#8221;4.27.4&#8243; _module_preset=&#8221;default&#8221; text_orientation=&#8221;center&#8221; global_colors_info=&#8221;{}&#8221;]<\/p>\n<div class=\"wpb_text_column wpb_content_element \">\n<div class=\"wpb_wrapper\">\n<h5>Pitk\u00e4 kokemus<\/h5>\n<\/div>\n<\/div>\n<p>[\/et_pb_text][\/et_pb_column][et_pb_column type=&#8221;1_3&#8243; _builder_version=&#8221;4.27.4&#8243; _module_preset=&#8221;default&#8221; global_colors_info=&#8221;{}&#8221;][et_pb_image src=&#8221;https:\/\/arcocolor.ee\/wp-content\/uploads\/2025\/11\/quality-scaled-1.png&#8221; title_text=&#8221;quality-scaled&#8221; align=&#8221;center&#8221; _builder_version=&#8221;4.27.4&#8243; _module_preset=&#8221;default&#8221; height=&#8221;80px&#8221; hover_enabled=&#8221;0&#8243; global_colors_info=&#8221;{}&#8221; sticky_enabled=&#8221;0&#8243;][\/et_pb_image][et_pb_text _builder_version=&#8221;4.27.4&#8243; _module_preset=&#8221;default&#8221; text_orientation=&#8221;center&#8221; global_colors_info=&#8221;{}&#8221;]<\/p>\n<div class=\"wpb_text_column wpb_content_element \">\n<div class=\"wpb_wrapper\">\n<h5>Taattu laatu<\/h5>\n<\/div>\n<\/div>\n<p>[\/et_pb_text][\/et_pb_column][\/et_pb_row][\/et_pb_section]<\/p>\n","protected":false},"excerpt":{"rendered":"<p>JauhemaalausAS Arco Color on virolainen yksityisomistuksessa oleva yritys, jonka toimialana on jauhemaalauspalveluiden tarjoaminen. Yritykseen on ker\u00e4\u00e4ntynyt alansa asiantuntijoita, joiden p\u00e4ivitt\u00e4isen\u00e4 ty\u00f6n\u00e4 t\u00e4m\u00e4 toimiala on ollut jo 25 vuotta. Jauhemaalaus tapahtuu puoliautomaattisella linjalla jauhemaaleilla. Laadun nimiss\u00e4 k\u00e4yt\u00e4mme Baltian maista ensimm\u00e4isen\u00e4 metallien esipuhdistusj\u00e4rjestelm\u00e4\u00e4 Oxilan.Tietoa yrityksest\u00e4AS Arco Color on virolainen yksityisomistuksessa oleva yritys, jonka toimialana on jauhemaalauspalveluiden tarjoaminen. [&hellip;]<\/p>\n","protected":false},"author":1,"featured_media":0,"parent":0,"menu_order":0,"comment_status":"closed","ping_status":"closed","template":"","meta":{"_et_pb_use_builder":"on","_et_pb_old_content":"","_et_gb_content_width":"","footnotes":""},"class_list":["post-100589","page","type-page","status-publish","hentry"],"_links":{"self":[{"href":"https:\/\/arcocolor.ee\/fi\/wp-json\/wp\/v2\/pages\/100589","targetHints":{"allow":["GET"]}}],"collection":[{"href":"https:\/\/arcocolor.ee\/fi\/wp-json\/wp\/v2\/pages"}],"about":[{"href":"https:\/\/arcocolor.ee\/fi\/wp-json\/wp\/v2\/types\/page"}],"author":[{"embeddable":true,"href":"https:\/\/arcocolor.ee\/fi\/wp-json\/wp\/v2\/users\/1"}],"replies":[{"embeddable":true,"href":"https:\/\/arcocolor.ee\/fi\/wp-json\/wp\/v2\/comments?post=100589"}],"version-history":[{"count":2,"href":"https:\/\/arcocolor.ee\/fi\/wp-json\/wp\/v2\/pages\/100589\/revisions"}],"predecessor-version":[{"id":100591,"href":"https:\/\/arcocolor.ee\/fi\/wp-json\/wp\/v2\/pages\/100589\/revisions\/100591"}],"wp:attachment":[{"href":"https:\/\/arcocolor.ee\/fi\/wp-json\/wp\/v2\/media?parent=100589"}],"curies":[{"name":"wp","href":"https:\/\/api.w.org\/{rel}","templated":true}]}}