{"id":100536,"date":"2024-12-17T11:22:36","date_gmt":"2024-12-17T11:22:36","guid":{"rendered":"https:\/\/arcocolor.ee\/palvelut\/"},"modified":"2026-02-08T11:50:34","modified_gmt":"2026-02-08T11:50:34","slug":"palvelut","status":"publish","type":"page","link":"https:\/\/arcocolor.ee\/fi\/palvelut\/","title":{"rendered":"Palvelut"},"content":{"rendered":"<p>[et_pb_section fb_built=&#8221;1&#8243; _builder_version=&#8221;4.27.4&#8243; _module_preset=&#8221;default&#8221; custom_margin=&#8221;60px||||false|false&#8221; custom_padding=&#8221;90px||90px||true|false&#8221; global_colors_info=&#8221;{}&#8221;][et_pb_row column_structure=&#8221;1_2,1_2&#8243; _builder_version=&#8221;4.27.4&#8243; _module_preset=&#8221;default&#8221; hover_enabled=&#8221;0&#8243; global_colors_info=&#8221;{}&#8221; min_height=&#8221;60vh&#8221; sticky_enabled=&#8221;0&#8243;][et_pb_column type=&#8221;1_2&#8243; _builder_version=&#8221;4.27.4&#8243; _module_preset=&#8221;default&#8221; global_colors_info=&#8221;{}&#8221;][et_pb_text _builder_version=&#8221;4.27.4&#8243; _module_preset=&#8221;default&#8221; global_colors_info=&#8221;{}&#8221;]<b>Jauhemaalaus<\/b><span> on palvelu, jota tarjoamme sek\u00e4 yrityksille ett\u00e4 yksityishenkil\u00f6ille. Asiakkaan toive saada osille kest\u00e4v\u00e4 ja laadukas pinnoite on meille ensisijaisen t\u00e4rke\u00e4\u00e4.<\/span><\/p>\n<blockquote><p><span>K\u00e4yt\u00e4mme maailman suurimman jauhemaalien valmistajan, Akzo Nobelin, jauhemaaleja.<\/span><\/p><\/blockquote>\n<p>Suurimpia tilaajiamme ovat yritykset, joiden toimialana on julkisivujen rakentaminen, ilmanvaihtoty\u00f6t, kattotarvikkeiden, mainostelineiden sek\u00e4 kevytmetallisten ikkunoiden ja ovien valmistus, sek\u00e4 sisustuselementtien tarjoaminen. K\u00e4yt\u00e4mme maailman suurimman jauhemaalien valmistajan, Akzo Nobelin, jauhemaaleja. Lis\u00e4ksi suoritamme erilaisia jauhemaalaukseen liittyvi\u00e4 t\u00f6it\u00e4. Jos olet kiinnostunut jauhemaalaukseen liittyv\u00e4st\u00e4 ty\u00f6st\u00e4 \u2013 tule, kysy ja me autamme![\/et_pb_text][\/et_pb_column][et_pb_column type=&#8221;1_2&#8243; _builder_version=&#8221;4.27.4&#8243; _module_preset=&#8221;default&#8221; global_colors_info=&#8221;{}&#8221;][et_pb_image src=&#8221;https:\/\/arcocolor.ee\/wp-content\/uploads\/2025\/10\/DSC_0144-1024&#215;576.jpg&#8221; title_text=&#8221;DSC_0144&#8243; _builder_version=&#8221;4.27.4&#8243; _module_preset=&#8221;default&#8221; global_colors_info=&#8221;{}&#8221;][\/et_pb_image][\/et_pb_column][\/et_pb_row][\/et_pb_section]<\/p>\n","protected":false},"excerpt":{"rendered":"<p>Jauhemaalaus on palvelu, jota tarjoamme sek\u00e4 yrityksille ett\u00e4 yksityishenkil\u00f6ille. Asiakkaan toive saada osille kest\u00e4v\u00e4 ja laadukas pinnoite on meille ensisijaisen t\u00e4rke\u00e4\u00e4. K\u00e4yt\u00e4mme maailman suurimman jauhemaalien valmistajan, Akzo Nobelin, jauhemaaleja. Suurimpia tilaajiamme ovat yritykset, joiden toimialana on julkisivujen rakentaminen, ilmanvaihtoty\u00f6t, kattotarvikkeiden, mainostelineiden sek\u00e4 kevytmetallisten ikkunoiden ja ovien valmistus, sek\u00e4 sisustuselementtien tarjoaminen. K\u00e4yt\u00e4mme maailman suurimman jauhemaalien valmistajan, [&hellip;]<\/p>\n","protected":false},"author":1,"featured_media":0,"parent":0,"menu_order":0,"comment_status":"closed","ping_status":"closed","template":"","meta":{"_et_pb_use_builder":"on","_et_pb_old_content":"","_et_gb_content_width":"","footnotes":""},"class_list":["post-100536","page","type-page","status-publish","hentry"],"_links":{"self":[{"href":"https:\/\/arcocolor.ee\/fi\/wp-json\/wp\/v2\/pages\/100536","targetHints":{"allow":["GET"]}}],"collection":[{"href":"https:\/\/arcocolor.ee\/fi\/wp-json\/wp\/v2\/pages"}],"about":[{"href":"https:\/\/arcocolor.ee\/fi\/wp-json\/wp\/v2\/types\/page"}],"author":[{"embeddable":true,"href":"https:\/\/arcocolor.ee\/fi\/wp-json\/wp\/v2\/users\/1"}],"replies":[{"embeddable":true,"href":"https:\/\/arcocolor.ee\/fi\/wp-json\/wp\/v2\/comments?post=100536"}],"version-history":[{"count":2,"href":"https:\/\/arcocolor.ee\/fi\/wp-json\/wp\/v2\/pages\/100536\/revisions"}],"predecessor-version":[{"id":100538,"href":"https:\/\/arcocolor.ee\/fi\/wp-json\/wp\/v2\/pages\/100536\/revisions\/100538"}],"wp:attachment":[{"href":"https:\/\/arcocolor.ee\/fi\/wp-json\/wp\/v2\/media?parent=100536"}],"curies":[{"name":"wp","href":"https:\/\/api.w.org\/{rel}","templated":true}]}}