{"id":100494,"date":"2024-12-17T11:32:56","date_gmt":"2024-12-17T11:32:56","guid":{"rendered":"https:\/\/arcocolor.ee\/tietosuojakaytanto\/"},"modified":"2026-02-08T11:50:14","modified_gmt":"2026-02-08T11:50:14","slug":"tietosuojakaytanto","status":"publish","type":"page","link":"https:\/\/arcocolor.ee\/fi\/tietosuojakaytanto\/","title":{"rendered":"Tietosuojak\u00e4yt\u00e4nt\u00f6"},"content":{"rendered":"<p>[et_pb_section fb_built=&#8221;1&#8243; _builder_version=&#8221;4.27.4&#8243; _module_preset=&#8221;default&#8221; custom_padding=&#8221;0px||||false|false&#8221; global_colors_info=&#8221;{}&#8221;][et_pb_row _builder_version=&#8221;4.27.4&#8243; _module_preset=&#8221;default&#8221; global_colors_info=&#8221;{}&#8221;][et_pb_column type=&#8221;4_4&#8243; _builder_version=&#8221;4.27.4&#8243; _module_preset=&#8221;default&#8221; global_colors_info=&#8221;{}&#8221;][et_pb_text _builder_version=&#8221;4.27.4&#8243; _module_preset=&#8221;default&#8221; text_font=&#8221;|||on|||||&#8221; text_font_size=&#8221;12px&#8221; text_letter_spacing=&#8221;2px&#8221; link_text_color=&#8221;#000000&#8243; text_orientation=&#8221;center&#8221; custom_margin=&#8221;||60px|||&#8221; hover_enabled=&#8221;0&#8243; text_font_size_last_edited=&#8221;off|desktop&#8221; custom_css_free_form=&#8221;selector{||  font-weight: 500;||  width:fit-content;||  margin:auto;||}||selector:before{||  content: %22%22;||  position: absolute;||  right: calc(100% + 30px);||  top: 10px;||  width: 100vw;||  height: 1px;||  background-color: rgba(0, 0, 0, .1);||}&#8221; global_colors_info=&#8221;{%22gcid-secondary-color%22:%91%22link_text_color__hover%22%93}&#8221; link_text_color__hover_enabled=&#8221;on|hover&#8221; link_text_color__hover=&#8221;gcid-secondary-color&#8221; sticky_enabled=&#8221;0&#8243;]<\/p>\n<p><a href=\"\/\">Etusivu<\/a> \/ Tietosuojak\u00e4yt\u00e4nt\u00f6<\/p>\n<p>[\/et_pb_text][et_pb_text _builder_version=&#8221;4.27.4&#8243; _module_preset=&#8221;default&#8221; header_2_text_align=&#8221;center&#8221; custom_margin=&#8221;||110px|||&#8221; custom_margin_tablet=&#8221;||110px|||&#8221; custom_margin_phone=&#8221;||60px||false|false&#8221; custom_margin_last_edited=&#8221;on|phone&#8221; global_colors_info=&#8221;{}&#8221;]<\/p>\n<h2>Tietosuoja<span class=\"aur-thin\">k\u00e4yt\u00e4nt\u00f6<\/span><\/h2>\n<p>[\/et_pb_text][et_pb_text module_class=&#8221;single-post-text&#8221; _builder_version=&#8221;4.27.4&#8243; _module_preset=&#8221;default&#8221; header_2_font_size=&#8221;36px&#8221; text_font_size_tablet=&#8221;&#8221; text_font_size_phone=&#8221;&#8221; text_font_size_last_edited=&#8221;on|desktop&#8221; header_2_font_size_tablet=&#8221;36px&#8221; header_2_font_size_phone=&#8221;26px&#8221; header_2_font_size_last_edited=&#8221;on|phone&#8221; global_colors_info=&#8221;{}&#8221;]<\/p>\n<p>Aurorassa, joka on saatavilla osoitteesta <a href=\"https:\/\/aurora.divi-layouts-pro.com\/\">https:\/\/aurora.divi-layouts-pro.com\/<\/a>, yksi t\u00e4rkeimmist\u00e4 prioriteeteistamme on vierailijoidemme yksityisyys. T\u00e4m\u00e4 tietosuojak\u00e4yt\u00e4nt\u00f6asiakirja sis\u00e4lt\u00e4\u00e4 tietoja, joita Aurora ker\u00e4\u00e4 ja tallentaa, sek\u00e4 miten k\u00e4yt\u00e4mme niit\u00e4.<\/p>\n<p>Jos sinulla on lis\u00e4kysymyksi\u00e4 tai tarvitset lis\u00e4tietoja tietosuojak\u00e4yt\u00e4nn\u00f6st\u00e4mme, \u00e4l\u00e4 ep\u00e4r\u00f6i ottaa meihin yhteytt\u00e4.<\/p>\n<h2 class=\"wp-block-heading\">Lokitiedostot<\/h2>\n<p>Aurora noudattaa vakiomenettely\u00e4 lokitiedostojen k\u00e4yt\u00f6ss\u00e4. N\u00e4m\u00e4 tiedostot kirjaavat vierailijat heid\u00e4n vieraillessaan verkkosivustoilla. Kaikki hosting-yritykset tekev\u00e4t n\u00e4in, ja se on osa hosting-palveluiden analytiikkaa. Lokitiedostojen ker\u00e4\u00e4mi\u00e4 tietoja ovat internet-protokollan (IP) osoitteet, selaimen tyyppi, Internet-palveluntarjoaja (ISP), p\u00e4iv\u00e4m\u00e4\u00e4r\u00e4- ja aikaleima, viittaavat\/poistumissivut ja mahdollisesti napsautusten m\u00e4\u00e4r\u00e4. N\u00e4it\u00e4 ei ole linkitetty mihink\u00e4\u00e4n henkil\u00f6kohtaisesti tunnistettaviin tietoihin. Tietojen tarkoituksena on analysoida trendej\u00e4, hallinnoida sivustoa, seurata k\u00e4ytt\u00e4jien liikkumista verkkosivustolla ja ker\u00e4t\u00e4 demografisia tietoja. Tietosuojak\u00e4yt\u00e4nt\u00f6mme luotiin<span> <\/span><a href=\"https:\/\/www.privacypolicyonline.com\/privacy-policy-generator\/\">Tietosuojak\u00e4yt\u00e4nt\u00f6generaattorin<\/a> avulla.<\/p>\n<h2 class=\"wp-block-heading\" id=\"cookies\">Ev\u00e4steet ja verkkoj\u00e4ljitteet<\/h2>\n<p>Kuten kaikki muutkin verkkosivustot, Aurora k\u00e4ytt\u00e4\u00e4 \u201dev\u00e4steit\u00e4\u201d. N\u00e4it\u00e4 ev\u00e4steit\u00e4 k\u00e4ytet\u00e4\u00e4n tallentamaan tietoja, kuten vierailijoiden mieltymyksi\u00e4 ja verkkosivuston sivuja, joilla vierailija k\u00e4vi. Tietoja k\u00e4ytet\u00e4\u00e4n optimoimaan k\u00e4ytt\u00e4jien kokemusta mukauttamalla verkkosivustomme sis\u00e4lt\u00f6\u00e4 vierailijoiden selaimen tyypin ja\/tai muiden tietojen perusteella.<\/p>\n<p>Lis\u00e4tietoja ev\u00e4steist\u00e4 l\u00f6yd\u00e4t<span> <\/span><a href=\"https:\/\/www.privacypolicyonline.com\/what-are-cookies\/\">Tietosuojak\u00e4yt\u00e4nt\u00f6generaattorin \u201dEv\u00e4steet\u201d-artikkelista<\/a>.<\/p>\n<h2 class=\"wp-block-heading\">Tietosuojak\u00e4yt\u00e4nn\u00f6t<\/h2>\n<p>Voit tutustua t\u00e4h\u00e4n luetteloon l\u00f6yt\u00e4\u00e4ksesi Auroran mainoskumppaneiden tietosuojak\u00e4yt\u00e4nn\u00f6t.<\/p>\n<p>Kolmannen osapuolen mainospalvelimet tai mainosverkostot k\u00e4ytt\u00e4v\u00e4t teknologioita, kuten ev\u00e4steit\u00e4, JavaScripti\u00e4 tai verkkoj\u00e4ljitteit\u00e4, joita k\u00e4ytet\u00e4\u00e4n niiden mainoksissa ja linkeiss\u00e4, jotka n\u00e4kyv\u00e4t Aurorassa ja jotka l\u00e4hetet\u00e4\u00e4n suoraan k\u00e4ytt\u00e4jien selaimeen. He vastaanottavat automaattisesti IP-osoitteesi, kun t\u00e4m\u00e4 tapahtuu. N\u00e4it\u00e4 teknologioita k\u00e4ytet\u00e4\u00e4n mittaamaan heid\u00e4n mainoskampanjoidensa tehokkuutta ja\/tai personoimaan mainossis\u00e4lt\u00f6\u00e4, jonka n\u00e4et vierailemillasi verkkosivustoilla.<\/p>\n<p>Huomaa, ett\u00e4 Auroralla ei ole p\u00e4\u00e4sy\u00e4 tai hallintaa n\u00e4ihin ev\u00e4steisiin, joita kolmannen osapuolen mainostajat k\u00e4ytt\u00e4v\u00e4t.<\/p>\n<h2 class=\"wp-block-heading\">Kolmannen osapuolen tietosuojak\u00e4yt\u00e4nn\u00f6t<\/h2>\n<p>Auroran tietosuojak\u00e4yt\u00e4nt\u00f6 ei koske muita mainostajia tai verkkosivustoja. Siksi suosittelemme sinua tutustumaan n\u00e4iden kolmannen osapuolen mainospalvelimien tietosuojak\u00e4yt\u00e4nt\u00f6ihin saadaksesi tarkempia tietoja. Se voi sis\u00e4lt\u00e4\u00e4 heid\u00e4n k\u00e4yt\u00e4nt\u00f6j\u00e4\u00e4n ja ohjeitaan tiettyjen vaihtoehtojen poistamiseksi k\u00e4yt\u00f6st\u00e4.<\/p>\n<p>Voit halutessasi poistaa ev\u00e4steet k\u00e4yt\u00f6st\u00e4 yksitt\u00e4isten selaimesi asetusten kautta. Tarkempia tietoja ev\u00e4steiden hallinnasta tietyill\u00e4 verkkoselaimilla l\u00f6ytyy selaimien omilta verkkosivustoilta. Mit\u00e4 ev\u00e4steet ovat?<\/p>\n<h2 class=\"wp-block-heading\">Lasten tiedot<\/h2>\n<p>Toinen prioriteettimme on lasten suojelun lis\u00e4\u00e4minen internetin k\u00e4yt\u00f6n aikana. Kannustamme vanhempia ja huoltajia tarkkailemaan, osallistumaan ja\/tai valvomaan ja ohjaamaan lastensa verkkotoimintaa.<\/p>\n<p>Aurora ei tietoisesti ker\u00e4\u00e4 henkil\u00f6kohtaisesti tunnistettavia tietoja alle 13-vuotiailta lapsilta. Jos uskot, ett\u00e4 lapsesi on antanut t\u00e4llaisia tietoja verkkosivustollamme, kehotamme sinua ottamaan meihin v\u00e4litt\u00f6m\u00e4sti yhteytt\u00e4, ja teemme parhaamme poistaaksemme t\u00e4llaiset tiedot nopeasti rekistereist\u00e4mme.<\/p>\n<h2 class=\"wp-block-heading\">Vain verkkotietosuojak\u00e4yt\u00e4nt\u00f6<\/h2>\n<p>T\u00e4m\u00e4 tietosuojak\u00e4yt\u00e4nt\u00f6 koskee vain verkkotoimintaamme ja on voimassa verkkosivustomme vierailijoille heid\u00e4n Aurorassa jakamiensa ja\/tai ker\u00e4\u00e4miens\u00e4 tietojen osalta. T\u00e4t\u00e4 k\u00e4yt\u00e4nt\u00f6\u00e4 ei sovelleta tietoihin, jotka on ker\u00e4tty offline-tilassa tai muilla kanavilla kuin t\u00e4ll\u00e4 verkkosivustolla.<\/p>\n<h2 class=\"wp-block-heading\">Suostumus<\/h2>\n<p>K\u00e4ytt\u00e4m\u00e4ll\u00e4 verkkosivustoamme hyv\u00e4ksyt t\u00e4ten tietosuojak\u00e4yt\u00e4nt\u00f6mme ja sen ehdot.<\/p>\n<p>[\/et_pb_text][\/et_pb_column][\/et_pb_row][\/et_pb_section]<\/p>\n","protected":false},"excerpt":{"rendered":"<p>Etusivu \/ Tietosuojak\u00e4yt\u00e4nt\u00f6Tietosuojak\u00e4yt\u00e4nt\u00f6Aurorassa, joka on saatavilla osoitteesta https:\/\/aurora.divi-layouts-pro.com\/, yksi t\u00e4rkeimmist\u00e4 prioriteeteistamme on vierailijoidemme yksityisyys. T\u00e4m\u00e4 tietosuojak\u00e4yt\u00e4nt\u00f6asiakirja sis\u00e4lt\u00e4\u00e4 tietoja, joita Aurora ker\u00e4\u00e4 ja tallentaa, sek\u00e4 miten k\u00e4yt\u00e4mme niit\u00e4. Jos sinulla on lis\u00e4kysymyksi\u00e4 tai tarvitset lis\u00e4tietoja tietosuojak\u00e4yt\u00e4nn\u00f6st\u00e4mme, \u00e4l\u00e4 ep\u00e4r\u00f6i ottaa meihin yhteytt\u00e4. Lokitiedostot Aurora noudattaa vakiomenettely\u00e4 lokitiedostojen k\u00e4yt\u00f6ss\u00e4. N\u00e4m\u00e4 tiedostot kirjaavat vierailijat heid\u00e4n vieraillessaan verkkosivustoilla. Kaikki hosting-yritykset [&hellip;]<\/p>\n","protected":false},"author":1,"featured_media":0,"parent":0,"menu_order":0,"comment_status":"closed","ping_status":"closed","template":"","meta":{"_et_pb_use_builder":"on","_et_pb_old_content":"","_et_gb_content_width":"","footnotes":""},"class_list":["post-100494","page","type-page","status-publish","hentry"],"_links":{"self":[{"href":"https:\/\/arcocolor.ee\/fi\/wp-json\/wp\/v2\/pages\/100494","targetHints":{"allow":["GET"]}}],"collection":[{"href":"https:\/\/arcocolor.ee\/fi\/wp-json\/wp\/v2\/pages"}],"about":[{"href":"https:\/\/arcocolor.ee\/fi\/wp-json\/wp\/v2\/types\/page"}],"author":[{"embeddable":true,"href":"https:\/\/arcocolor.ee\/fi\/wp-json\/wp\/v2\/users\/1"}],"replies":[{"embeddable":true,"href":"https:\/\/arcocolor.ee\/fi\/wp-json\/wp\/v2\/comments?post=100494"}],"version-history":[{"count":5,"href":"https:\/\/arcocolor.ee\/fi\/wp-json\/wp\/v2\/pages\/100494\/revisions"}],"predecessor-version":[{"id":100526,"href":"https:\/\/arcocolor.ee\/fi\/wp-json\/wp\/v2\/pages\/100494\/revisions\/100526"}],"wp:attachment":[{"href":"https:\/\/arcocolor.ee\/fi\/wp-json\/wp\/v2\/media?parent=100494"}],"curies":[{"name":"wp","href":"https:\/\/api.w.org\/{rel}","templated":true}]}}