{"id":100491,"date":"2025-10-23T12:04:11","date_gmt":"2025-10-23T12:04:11","guid":{"rendered":"https:\/\/arcocolor.ee\/asiakkaan-abc\/"},"modified":"2026-02-21T18:32:09","modified_gmt":"2026-02-21T18:32:09","slug":"asiakkaan-abc","status":"publish","type":"page","link":"https:\/\/arcocolor.ee\/fi\/asiakkaan-abc\/","title":{"rendered":"Asiakkaan ABC"},"content":{"rendered":"<p>[et_pb_section fb_built=&#8221;1&#8243; _builder_version=&#8221;4.27.4&#8243; _module_preset=&#8221;default&#8221; custom_margin=&#8221;60px||||false|false&#8221; custom_padding=&#8221;90px||90px||true|false&#8221; global_colors_info=&#8221;{}&#8221;][et_pb_row _builder_version=&#8221;4.27.4&#8243; _module_preset=&#8221;default&#8221; global_colors_info=&#8221;{}&#8221;][et_pb_column type=&#8221;4_4&#8243; _builder_version=&#8221;4.27.4&#8243; _module_preset=&#8221;default&#8221; global_colors_info=&#8221;{}&#8221;][et_pb_text _builder_version=&#8221;4.27.4&#8243; _module_preset=&#8221;default&#8221; global_colors_info=&#8221;{}&#8221;]<\/p>\n<ol>\n<li>Ota tavaroiden mukana l\u00e4hetyslista tai t\u00e4yt\u00e4 se paikan p\u00e4\u00e4ll\u00e4.<\/li>\n<li>\u00c4l\u00e4 toimita ruostunutta materiaalia maalattavaksi.<\/li>\n<li>Toimita osat kuivina.<\/li>\n<li>\u00c4l\u00e4 k\u00e4yt\u00e4 teippi\u00e4 maalattavalla pinnalla.<\/li>\n<li>\u00c4l\u00e4 k\u00e4yt\u00e4 merkkauskyn\u00e4\u00e4 maalattavalla pinnalla.<\/li>\n<li>Suojaa osat mekaanisilta vaurioilta kuljetuksen aikana.<\/li>\n<li>Osien ripustusaukoista tulee sopia puhelimitse: Karl Ihermann 5067058<\/li>\n<li>Ilmoita halutuista vaatimuksista ehdottomasti ennen maalauspalvelun tilaamista ja sovi niist\u00e4 Karl Ihermannin kanssa.<\/li>\n<\/ol>\n<div class=\"wpb_text_column wpb_content_element \">\n<div class=\"wpb_wrapper\">\n<p>Jos jotakin n\u00e4ist\u00e4 kohdista ei ole mahdollista t\u00e4ytt\u00e4\u00e4, on varauduttava lis\u00e4kustannuksiin.<\/p>\n<p><strong>Tarjouspyynn\u00f6iss\u00e4 pyyd\u00e4mme ottamaan yhteytt\u00e4 <a href=\"mailto:karl@arcocolor.ee\">karl@arcocolor.ee<\/a><\/strong><\/p>\n<p><strong><\/strong><\/p>\n<\/div>\n<\/div>\n<div class=\"wpb_text_column wpb_content_element \">\n<div class=\"wpb_wrapper\">\n<p>Toivotamme miellytt\u00e4v\u00e4\u00e4 yhteisty\u00f6t\u00e4!<br \/>AS Arco Color<\/p>\n<\/div>\n<\/div>\n<p>[\/et_pb_text][\/et_pb_column][\/et_pb_row][et_pb_row _builder_version=&#8221;4.27.4&#8243; _module_preset=&#8221;default&#8221; global_colors_info=&#8221;{}&#8221;][et_pb_column type=&#8221;4_4&#8243; _builder_version=&#8221;4.27.4&#8243; _module_preset=&#8221;default&#8221; global_colors_info=&#8221;{}&#8221;][et_pb_image src=&#8221;https:\/\/arcocolor.ee\/wp-content\/uploads\/2025\/10\/7.jpg&#8221; title_text=&#8221;7&#8243; _builder_version=&#8221;4.27.4&#8243; _module_preset=&#8221;default&#8221; global_colors_info=&#8221;{}&#8221;][\/et_pb_image][\/et_pb_column][\/et_pb_row][\/et_pb_section]<\/p>\n","protected":false},"excerpt":{"rendered":"<p>Ota tavaroiden mukana l\u00e4hetyslista tai t\u00e4yt\u00e4 se paikan p\u00e4\u00e4ll\u00e4. \u00c4l\u00e4 toimita ruostunutta materiaalia maalattavaksi. Toimita osat kuivina. \u00c4l\u00e4 k\u00e4yt\u00e4 teippi\u00e4 maalattavalla pinnalla. \u00c4l\u00e4 k\u00e4yt\u00e4 merkkauskyn\u00e4\u00e4 maalattavalla pinnalla. Suojaa osat mekaanisilta vaurioilta kuljetuksen aikana. Osien ripustusaukoista tulee sopia puhelimitse: Karl Ihermann 5067058 Ilmoita halutuista vaatimuksista ehdottomasti ennen maalauspalvelun tilaamista ja sovi niist\u00e4 Karl Ihermannin kanssa. Jos [&hellip;]<\/p>\n","protected":false},"author":1,"featured_media":0,"parent":0,"menu_order":0,"comment_status":"closed","ping_status":"closed","template":"","meta":{"_et_pb_use_builder":"on","_et_pb_old_content":"","_et_gb_content_width":"","footnotes":""},"class_list":["post-100491","page","type-page","status-publish","hentry"],"_links":{"self":[{"href":"https:\/\/arcocolor.ee\/fi\/wp-json\/wp\/v2\/pages\/100491","targetHints":{"allow":["GET"]}}],"collection":[{"href":"https:\/\/arcocolor.ee\/fi\/wp-json\/wp\/v2\/pages"}],"about":[{"href":"https:\/\/arcocolor.ee\/fi\/wp-json\/wp\/v2\/types\/page"}],"author":[{"embeddable":true,"href":"https:\/\/arcocolor.ee\/fi\/wp-json\/wp\/v2\/users\/1"}],"replies":[{"embeddable":true,"href":"https:\/\/arcocolor.ee\/fi\/wp-json\/wp\/v2\/comments?post=100491"}],"version-history":[{"count":3,"href":"https:\/\/arcocolor.ee\/fi\/wp-json\/wp\/v2\/pages\/100491\/revisions"}],"predecessor-version":[{"id":100699,"href":"https:\/\/arcocolor.ee\/fi\/wp-json\/wp\/v2\/pages\/100491\/revisions\/100699"}],"wp:attachment":[{"href":"https:\/\/arcocolor.ee\/fi\/wp-json\/wp\/v2\/media?parent=100491"}],"curies":[{"name":"wp","href":"https:\/\/api.w.org\/{rel}","templated":true}]}}