{"id":100362,"date":"2025-10-23T12:03:26","date_gmt":"2025-10-23T12:03:26","guid":{"rendered":"https:\/\/arcocolor.ee\/lahetyslistalomake\/"},"modified":"2026-02-08T11:48:48","modified_gmt":"2026-02-08T11:48:48","slug":"lahetyslistalomake","status":"publish","type":"page","link":"https:\/\/arcocolor.ee\/fi\/lahetyslistalomake\/","title":{"rendered":"L\u00e4hetyslistalomake"},"content":{"rendered":"<p>[et_pb_section fb_built=&#8221;1&#8243; _builder_version=&#8221;4.27.4&#8243; _module_preset=&#8221;default&#8221; custom_margin=&#8221;60px||||false|false&#8221; custom_padding=&#8221;90px||90px||true|false&#8221; global_colors_info=&#8221;{}&#8221;][et_pb_row _builder_version=&#8221;4.27.4&#8243; _module_preset=&#8221;default&#8221; global_colors_info=&#8221;{}&#8221;][et_pb_column type=&#8221;4_4&#8243; _builder_version=&#8221;4.27.4&#8243; _module_preset=&#8221;default&#8221; global_colors_info=&#8221;{}&#8221;][et_pb_text _builder_version=&#8221;4.27.4&#8243; _module_preset=&#8221;default&#8221; global_colors_info=&#8221;{}&#8221;]<span>Lataa l\u00e4hetyslistalomake PDF-muodossa <\/span><a href=\"\/wp-content\/uploads\/2025\/10\/V-20-Saatelehe-BLANKETT1.pdf\" target=\"_blank\">T\u00c4ST\u00c4<\/a><br \/>\n<span>Lataa l\u00e4hetyslistalomake Excel-muodossa <\/span><a href=\"\/wp-content\/uploads\/2025\/10\/V-20-Saatelehe-BLANKETT1.xls\" target=\"_blank\">T\u00c4ST\u00c4<\/a>[\/et_pb_text][\/et_pb_column][\/et_pb_row][et_pb_row _builder_version=&#8221;4.27.4&#8243; _module_preset=&#8221;default&#8221; global_colors_info=&#8221;{}&#8221;][et_pb_column type=&#8221;4_4&#8243; _builder_version=&#8221;4.27.4&#8243; _module_preset=&#8221;default&#8221; global_colors_info=&#8221;{}&#8221;][et_pb_text _builder_version=&#8221;4.27.4&#8243; _module_preset=&#8221;default&#8221; global_colors_info=&#8221;{}&#8221;]<span style=\"font-size: 24px; color: #000;\"><strong>Tai l\u00e4het\u00e4 se t\u00e4st\u00e4:<\/strong><\/span>[\/et_pb_text][\/et_pb_column][\/et_pb_row][et_pb_row _builder_version=&#8221;4.27.4&#8243; _module_preset=&#8221;default&#8221; hover_enabled=&#8221;0&#8243; global_colors_info=&#8221;{}&#8221; sticky_enabled=&#8221;0&#8243;][et_pb_column type=&#8221;4_4&#8243; _builder_version=&#8221;4.27.4&#8243; _module_preset=&#8221;default&#8221; global_colors_info=&#8221;{}&#8221;][et_pb_contact_form email=&#8221;info@arcocolor.ee&#8221; custom_message=&#8221;L\u00e4hetyslistalomake l\u00e4hetetty verkkosivuston kautta.||et_pb_line_break_holder||||et_pb_line_break_holder||Yritys \/ Yksityishenkil\u00f6: %%Name%%||et_pb_line_break_holder||S\u00e4hk\u00f6posti tai puhelin: %%Email_phone%%||et_pb_line_break_holder||V\u00e4ri: %%Color%%||et_pb_line_break_holder||Toivottu toimitusaika: %%Wished_delivery_time%%||et_pb_line_break_holder||||et_pb_line_break_holder||Tiedot:||et_pb_line_break_holder||%%Detail%%&#8221; success_message=&#8221;L\u00e4hetyslistasi on l\u00e4hetetty onnistuneesti&#8221; submit_button_text=&#8221;L\u00e4het\u00e4&#8221; _builder_version=&#8221;4.27.4&#8243; _module_preset=&#8221;default&#8221; _unique_id=&#8221;53381507-fd91-47de-aee0-00a3056fff16&#8243; custom_button=&#8221;on&#8221; button_text_color=&#8221;#FFFFFF&#8221; button_bg_color=&#8221;#1b80d8&#8243; button_border_radius=&#8221;0px&#8221; button_font=&#8221;Inter|700|||||||&#8221; button_use_icon=&#8221;off&#8221; hover_enabled=&#8221;0&#8243; global_colors_info=&#8221;{}&#8221; sticky_enabled=&#8221;0&#8243;][et_pb_contact_field field_id=&#8221;Name&#8221; field_title=&#8221;YRITYKSEN \/ YKSITYISHENKIL\u00d6N NIMI&#8221; _builder_version=&#8221;4.27.4&#8243; global_colors_info=&#8221;{}&#8221; button_text_size__hover_enabled=&#8221;off&#8221; button_one_text_size__hover_enabled=&#8221;off&#8221; button_two_text_size__hover_enabled=&#8221;off&#8221; button_text_color__hover_enabled=&#8221;off&#8221; button_one_text_color__hover_enabled=&#8221;off&#8221; button_two_text_color__hover_enabled=&#8221;off&#8221; button_border_width__hover_enabled=&#8221;off&#8221; button_one_border_width__hover_enabled=&#8221;off&#8221; button_two_border_width__hover_enabled=&#8221;off&#8221; button_border_color__hover_enabled=&#8221;off&#8221; button_one_border_color__hover_enabled=&#8221;off&#8221; button_two_border_color__hover_enabled=&#8221;off&#8221; button_border_radius__hover_enabled=&#8221;off&#8221; button_one_border_radius__hover_enabled=&#8221;off&#8221; button_two_border_radius__hover_enabled=&#8221;off&#8221; button_letter_spacing__hover_enabled=&#8221;off&#8221; button_one_letter_spacing__hover_enabled=&#8221;off&#8221; button_two_letter_spacing__hover_enabled=&#8221;off&#8221; button_bg_color__hover_enabled=&#8221;off&#8221; button_one_bg_color__hover_enabled=&#8221;off&#8221; button_two_bg_color__hover_enabled=&#8221;off&#8221;][\/et_pb_contact_field][et_pb_contact_field field_id=&#8221;Email_phone&#8221; field_title=&#8221;PUH. NUMERO \/ S\u00c4HK\u00d6POSTIOSOITE&#8221; fullwidth_field=&#8221;on&#8221; _builder_version=&#8221;4.27.4&#8243; _module_preset=&#8221;default&#8221; global_colors_info=&#8221;{}&#8221;][\/et_pb_contact_field][et_pb_contact_field field_id=&#8221;Detail&#8221; field_title=&#8221;TIEDOT&#8221; fullwidth_field=&#8221;on&#8221; _builder_version=&#8221;4.27.4&#8243; _module_preset=&#8221;default&#8221; global_colors_info=&#8221;{}&#8221;][\/et_pb_contact_field][et_pb_contact_field field_id=&#8221;Color&#8221; field_title=&#8221;V\u00e4ri&#8221; fullwidth_field=&#8221;on&#8221; _builder_version=&#8221;4.27.4&#8243; _module_preset=&#8221;default&#8221; global_colors_info=&#8221;{}&#8221;][\/et_pb_contact_field][et_pb_contact_field field_id=&#8221;Wished_delivery_time&#8221; field_title=&#8221;TOIVOTTU TOIMITUSAIKA&#8221; fullwidth_field=&#8221;on&#8221; _builder_version=&#8221;4.27.4&#8243; _module_preset=&#8221;default&#8221; global_colors_info=&#8221;{}&#8221;][\/et_pb_contact_field][\/et_pb_contact_form][\/et_pb_column][\/et_pb_row][\/et_pb_section]<\/p>\n","protected":false},"excerpt":{"rendered":"<p>Lataa l\u00e4hetyslistalomake PDF-muodossa T\u00c4ST\u00c4 Lataa l\u00e4hetyslistalomake Excel-muodossa T\u00c4ST\u00c4Tai l\u00e4het\u00e4 se t\u00e4st\u00e4:<\/p>\n","protected":false},"author":1,"featured_media":0,"parent":0,"menu_order":0,"comment_status":"closed","ping_status":"closed","template":"","meta":{"_et_pb_use_builder":"on","_et_pb_old_content":"","_et_gb_content_width":"","footnotes":""},"class_list":["post-100362","page","type-page","status-publish","hentry"],"_links":{"self":[{"href":"https:\/\/arcocolor.ee\/fi\/wp-json\/wp\/v2\/pages\/100362","targetHints":{"allow":["GET"]}}],"collection":[{"href":"https:\/\/arcocolor.ee\/fi\/wp-json\/wp\/v2\/pages"}],"about":[{"href":"https:\/\/arcocolor.ee\/fi\/wp-json\/wp\/v2\/types\/page"}],"author":[{"embeddable":true,"href":"https:\/\/arcocolor.ee\/fi\/wp-json\/wp\/v2\/users\/1"}],"replies":[{"embeddable":true,"href":"https:\/\/arcocolor.ee\/fi\/wp-json\/wp\/v2\/comments?post=100362"}],"version-history":[{"count":5,"href":"https:\/\/arcocolor.ee\/fi\/wp-json\/wp\/v2\/pages\/100362\/revisions"}],"predecessor-version":[{"id":100378,"href":"https:\/\/arcocolor.ee\/fi\/wp-json\/wp\/v2\/pages\/100362\/revisions\/100378"}],"wp:attachment":[{"href":"https:\/\/arcocolor.ee\/fi\/wp-json\/wp\/v2\/media?parent=100362"}],"curies":[{"name":"wp","href":"https:\/\/api.w.org\/{rel}","templated":true}]}}