{"id":100353,"date":"2025-10-23T12:09:45","date_gmt":"2025-10-23T12:09:45","guid":{"rendered":"https:\/\/arcocolor.ee\/esittely\/"},"modified":"2026-02-08T11:48:12","modified_gmt":"2026-02-08T11:48:12","slug":"esittely","status":"publish","type":"page","link":"https:\/\/arcocolor.ee\/fi\/esittely\/","title":{"rendered":"Esittely"},"content":{"rendered":"<p>[et_pb_section fb_built=&#8221;1&#8243; _builder_version=&#8221;4.27.4&#8243; _module_preset=&#8221;default&#8221; custom_margin=&#8221;60px||||false|false&#8221; custom_padding=&#8221;90px||90px||true|false&#8221; global_colors_info=&#8221;{}&#8221;][et_pb_row column_structure=&#8221;1_2,1_2&#8243; _builder_version=&#8221;4.27.4&#8243; _module_preset=&#8221;default&#8221; global_colors_info=&#8221;{}&#8221;][et_pb_column type=&#8221;1_2&#8243; _builder_version=&#8221;4.27.4&#8243; _module_preset=&#8221;default&#8221; global_colors_info=&#8221;{}&#8221;][et_pb_text _builder_version=&#8221;4.27.4&#8243; _module_preset=&#8221;default&#8221; hover_enabled=&#8221;0&#8243; global_colors_info=&#8221;{}&#8221; sticky_enabled=&#8221;0&#8243;]<b>AS Arco Color<\/b><span> on Virossa yksityisomistuksessa perustettu yritys, jonka toimialana on jauhemaalaus ja siihen liittyvien palveluiden tarjoaminen. Yritykseen on ker\u00e4\u00e4ntynyt alansa asiantuntijoita, joiden jokap\u00e4iv\u00e4isen\u00e4 ty\u00f6n\u00e4 t\u00e4m\u00e4 toimiala on ollut jo 25 vuotta.<\/span><\/p>\n<blockquote><p><span>Yritykseen on ker\u00e4\u00e4ntynyt alansa asiantuntijoita, joiden jokap\u00e4iv\u00e4isen\u00e4 ty\u00f6n\u00e4 t\u00e4m\u00e4 toimiala on ollut jo 25 vuotta.<\/span><\/p><\/blockquote>\n<div class=\"certificate-box\" style=\"margin-top: 35px; margin-bottom: 30px; display: flex; gap: 40px;\">\n<div><a href=\"\/wp-content\/uploads\/2026\/01\/arco-color-cerf.pdf\"><img decoding=\"async\" src=\"\/wp-content\/uploads\/2025\/11\/Metro-1.jpg\"><\/a><\/div>\n<div><a href=\"\/wp-content\/uploads\/2026\/01\/arco-color-cerf.pdf\" target=\"_blank\" style=\"font-size: 14;\" rel=\"noopener\">Katso sertifikaatti<\/a><\/div>\n<\/div>\n<p>Maalattavien osien esipuhdistus suoritetaan automaattisella pesulinjalla, jossa k\u00e4ytet\u00e4\u00e4n nykyaikaisia ja ymp\u00e4rist\u00f6yst\u00e4v\u00e4llisi\u00e4 materiaaleja. Teknologian valinnassa olemme l\u00e4hteneet periaatteesta, joka mahdollistaa mustan metallin, esisinkityn ter\u00e4ksen ja alumiinin laadukkaan puhdistuksen. Ymp\u00e4rist\u00f6yst\u00e4v\u00e4llisen pesuaineen k\u00e4ytt\u00f6 on uusi vaihe rasvan ja \u00f6ljyn poistamisessa metalleista. Jauhemaalaus tapahtuu puoliautomaattisella linjalla jauhemaaleilla. Laadun nimiss\u00e4 k\u00e4yt\u00e4mme Baltian maista ensimm\u00e4isen\u00e4 metallien esipuhdistusj\u00e4rjestelm\u00e4\u00e4 Oxilan.<\/p>\n<p><strong>Pest\u00e4vien osien mitat: enint\u00e4\u00e4n 3500 x 1200 x 2000 mm ja 150 kg. Maalattavien osien mitat: enint\u00e4\u00e4n 8000 x 1200 x 2100 mm ja 500 kg.<\/strong>[\/et_pb_text][\/et_pb_column][et_pb_column type=&#8221;1_2&#8243; _builder_version=&#8221;4.27.4&#8243; _module_preset=&#8221;default&#8221; global_colors_info=&#8221;{}&#8221;][et_pb_image src=&#8221;https:\/\/arcocolor.ee\/wp-content\/uploads\/2025\/10\/20170921_122246-1-1024&#215;768.jpg&#8221; title_text=&#8221;20170921_122246 (1)&#8221; _builder_version=&#8221;4.27.4&#8243; _module_preset=&#8221;default&#8221; global_colors_info=&#8221;{}&#8221;][\/et_pb_image][\/et_pb_column][\/et_pb_row][et_pb_row column_structure=&#8221;1_2,1_2&#8243; _builder_version=&#8221;4.27.4&#8243; _module_preset=&#8221;default&#8221; global_colors_info=&#8221;{}&#8221;][et_pb_column type=&#8221;1_2&#8243; _builder_version=&#8221;4.27.4&#8243; _module_preset=&#8221;default&#8221; global_colors_info=&#8221;{}&#8221;][et_pb_image src=&#8221;https:\/\/arcocolor.ee\/wp-content\/uploads\/2025\/11\/1.jpg&#8221; title_text=&#8221;1&#8243; _builder_version=&#8221;4.27.4&#8243; _module_preset=&#8221;default&#8221; global_colors_info=&#8221;{}&#8221;][\/et_pb_image][\/et_pb_column][et_pb_column type=&#8221;1_2&#8243; _builder_version=&#8221;4.27.4&#8243; _module_preset=&#8221;default&#8221; global_colors_info=&#8221;{}&#8221;][et_pb_image src=&#8221;https:\/\/arcocolor.ee\/wp-content\/uploads\/2025\/11\/2.jpg&#8221; title_text=&#8221;2&#8243; _builder_version=&#8221;4.27.4&#8243; _module_preset=&#8221;default&#8221; global_colors_info=&#8221;{}&#8221;][\/et_pb_image][\/et_pb_column][\/et_pb_row][\/et_pb_section]<\/p>\n","protected":false},"excerpt":{"rendered":"<p>AS Arco Color on Virossa yksityisomistuksessa perustettu yritys, jonka toimialana on jauhemaalaus ja siihen liittyvien palveluiden tarjoaminen. Yritykseen on ker\u00e4\u00e4ntynyt alansa asiantuntijoita, joiden jokap\u00e4iv\u00e4isen\u00e4 ty\u00f6n\u00e4 t\u00e4m\u00e4 toimiala on ollut jo 25 vuotta. Yritykseen on ker\u00e4\u00e4ntynyt alansa asiantuntijoita, joiden jokap\u00e4iv\u00e4isen\u00e4 ty\u00f6n\u00e4 t\u00e4m\u00e4 toimiala on ollut jo 25 vuotta. Katso sertifikaatti Maalattavien osien esipuhdistus suoritetaan automaattisella pesulinjalla, [&hellip;]<\/p>\n","protected":false},"author":1,"featured_media":0,"parent":0,"menu_order":0,"comment_status":"closed","ping_status":"closed","template":"","meta":{"_et_pb_use_builder":"on","_et_pb_old_content":"","_et_gb_content_width":"","footnotes":""},"class_list":["post-100353","page","type-page","status-publish","hentry"],"_links":{"self":[{"href":"https:\/\/arcocolor.ee\/fi\/wp-json\/wp\/v2\/pages\/100353","targetHints":{"allow":["GET"]}}],"collection":[{"href":"https:\/\/arcocolor.ee\/fi\/wp-json\/wp\/v2\/pages"}],"about":[{"href":"https:\/\/arcocolor.ee\/fi\/wp-json\/wp\/v2\/types\/page"}],"author":[{"embeddable":true,"href":"https:\/\/arcocolor.ee\/fi\/wp-json\/wp\/v2\/users\/1"}],"replies":[{"embeddable":true,"href":"https:\/\/arcocolor.ee\/fi\/wp-json\/wp\/v2\/comments?post=100353"}],"version-history":[{"count":1,"href":"https:\/\/arcocolor.ee\/fi\/wp-json\/wp\/v2\/pages\/100353\/revisions"}],"predecessor-version":[{"id":100358,"href":"https:\/\/arcocolor.ee\/fi\/wp-json\/wp\/v2\/pages\/100353\/revisions\/100358"}],"wp:attachment":[{"href":"https:\/\/arcocolor.ee\/fi\/wp-json\/wp\/v2\/media?parent=100353"}],"curies":[{"name":"wp","href":"https:\/\/api.w.org\/{rel}","templated":true}]}}