{"id":100348,"date":"2025-10-23T12:04:46","date_gmt":"2025-10-23T12:04:46","guid":{"rendered":"https:\/\/arcocolor.ee\/vareista\/"},"modified":"2026-02-08T11:48:12","modified_gmt":"2026-02-08T11:48:12","slug":"vareista","status":"publish","type":"page","link":"https:\/\/arcocolor.ee\/fi\/vareista\/","title":{"rendered":"V\u00e4reist\u00e4"},"content":{"rendered":"<p>[et_pb_section fb_built=&#8221;1&#8243; _builder_version=&#8221;4.27.4&#8243; _module_preset=&#8221;default&#8221; custom_margin=&#8221;60px||||false|false&#8221; custom_padding=&#8221;90px||90px||true|false&#8221; global_colors_info=&#8221;{}&#8221; theme_builder_area=&#8221;post_content&#8221;][et_pb_row column_structure=&#8221;1_2,1_2&#8243; _builder_version=&#8221;4.27.4&#8243; _module_preset=&#8221;default&#8221; global_colors_info=&#8221;{}&#8221; theme_builder_area=&#8221;post_content&#8221;][et_pb_column type=&#8221;1_2&#8243; _builder_version=&#8221;4.27.4&#8243; _module_preset=&#8221;default&#8221; global_colors_info=&#8221;{}&#8221; theme_builder_area=&#8221;post_content&#8221;][et_pb_text _builder_version=&#8221;4.27.4&#8243; _module_preset=&#8221;default&#8221; hover_enabled=&#8221;0&#8243; global_colors_info=&#8221;{}&#8221; theme_builder_area=&#8221;post_content&#8221; quote_font_size=&#8221;12px&#8221; sticky_enabled=&#8221;0&#8243;]<\/p>\n<p><b>Jauhemaali eli l\u00e4mp\u00f6kovettuva maali<\/b><span> <\/span>on maali, joka uunissa kuumennettaessa syntyv\u00e4n kemiallisen reaktion tuloksena muodostaa mekaanisesti vahvan ja kest\u00e4v\u00e4n kalvon. Jauhemaali luokitellaan ominaisuuksiensa mukaan ryhmiin:<\/p>\n<p>1. Epoksi (sis\u00e4tiloihin, iskunkest\u00e4vyyteen perustuva)<br \/>2. Epoksi-polyesteri (sis\u00e4tilojen elementit)<br \/>3. Polyesterit (s\u00e4\u00e4nkest\u00e4v\u00e4t, ulkok\u00e4ytt\u00f6\u00f6n)<br \/>4. Polyuretaanit (erityisen vaativiin s\u00e4\u00e4olosuhteisiin tarkoitetut osat)<\/p>\n<p>K\u00e4yt\u00e4mme maailman suurimman jauhemaalivalmistajan Akzo Nobelin jauhemaaleja (tuotemerkki INTERPON).<\/p>\n<p>&nbsp;<\/p>\n<blockquote>\n<h6 class=\"blockquote_text\">Jauhemaali eli l\u00e4mp\u00f6kovettuva maali on maali, joka uunissa kuumennettaessa syntyv\u00e4n kemiallisen reaktion tuloksena muodostaa mekaanisesti vahvan ja kest\u00e4v\u00e4n kalvon.<\/h6>\n<\/blockquote>\n<p>[\/et_pb_text][\/et_pb_column][et_pb_column type=&#8221;1_2&#8243; _builder_version=&#8221;4.27.4&#8243; _module_preset=&#8221;default&#8221; global_colors_info=&#8221;{}&#8221; theme_builder_area=&#8221;post_content&#8221;][et_pb_image src=&#8221;https:\/\/arcocolor.ee\/wp-content\/uploads\/2025\/10\/20170927_121834_1000.png&#8221; title_text=&#8221;20170927_121834_1000&#8243; _builder_version=&#8221;4.27.4&#8243; _module_preset=&#8221;default&#8221; hover_enabled=&#8221;0&#8243; global_colors_info=&#8221;{}&#8221; theme_builder_area=&#8221;post_content&#8221; sticky_enabled=&#8221;0&#8243;][\/et_pb_image][\/et_pb_column][\/et_pb_row][et_pb_row _builder_version=&#8221;4.27.4&#8243; _module_preset=&#8221;default&#8221; theme_builder_area=&#8221;post_content&#8221; custom_padding=&#8221;4px|||||&#8221;][et_pb_column _builder_version=&#8221;4.27.4&#8243; _module_preset=&#8221;default&#8221; type=&#8221;4_4&#8243; theme_builder_area=&#8221;post_content&#8221;][et_pb_text _builder_version=&#8221;4.27.4&#8243; _module_preset=&#8221;default&#8221; theme_builder_area=&#8221;post_content&#8221; hover_enabled=&#8221;0&#8243; sticky_enabled=&#8221;0&#8243;]<\/p>\n<div class=\"wpb_text_column wpb_content_element \">\n<div class=\"wpb_wrapper\">\n<p>Epoksi, Interpon 100 -sarja: Interpon 100 on epoksihartsipohjainen jauhemaalivalikoima, joka on suunniteltu tarjoamaan tuotteille ja niiden komponenteille optimaalinen mekaaninen kest\u00e4vyys ja erinomaiset suojaominaisuudet olosuhteissa, joissa ei ole odotettavissa jatkuvaa UV-s\u00e4teilylle ja s\u00e4\u00e4olosuhteille altistumista.<\/p>\n<p>Epoksi-polyesteri Interpon 700 -sarja: Interpon 700 on epoksihartsi-\/hybridipolyesteripohjainen jauhemaalivalikoima, jolla on paras v\u00e4rinkesto, l\u00e4mm\u00f6nkest\u00e4vyys ja UV-s\u00e4teilyn kest\u00e4vyys verrattuna puhtaaseen epoksihartsipohjaiseen Interpon 100 -sarjaan.<\/p>\n<p>Polyesteri Interpon TC -sarja: Interpon TC on yksi yleisimmin k\u00e4ytetyist\u00e4, polyesteripohjaisista TGIC-vapaista* jauhemaalivalikoimista. TC:ll\u00e4 on korkea s\u00e4\u00e4n- ja valonkest\u00e4vyys.<\/p>\n<\/div>\n<\/div>\n<div class=\"separator transparent center \"><\/div>\n<div class=\"wpb_text_column wpb_content_element \">\n<div class=\"wpb_wrapper\">\n<p>Arkkitehtonisen laadun polyesterit Interpon D94 ja Interpon D36: Interpon D94 (Interpon D94 HR Gloss) on polyesterimaali, johon on lis\u00e4tty aineita s\u00e4\u00e4nkest\u00e4vyyden parantamiseksi, ja se on jauhemaalivalikoima alumiinirakenteiden ja galvanoidun ter\u00e4ksen pinnoittamiseen. Laajassa v\u00e4rivalikoimassa saatavilla oleva Interpon D94 ei sis\u00e4ll\u00e4 TGIC:t\u00e4. Osana julkisivujauhemaalivalikoimaa Interpon D94:ll\u00e4 on erinomainen s\u00e4\u00e4nkest\u00e4vyys ja v\u00e4rinkesto, ja se t\u00e4ytt\u00e4\u00e4 kaikki rakenteellisten pinnoitteiden eurooppalaiset perusstandardit. Kaikki Interpon D94 -maalit t\u00e4ytt\u00e4v\u00e4t t\u00e4ysin standardit BS6496:1984, BS6497:1984, Qualicoat Class 1 ja GSB.<\/p>\n<p>Interpon D36 t\u00e4ytt\u00e4\u00e4 my\u00f6s kaikki edell\u00e4 mainitut vaatimukset ja on saatavilla laajassa valikoimassa my\u00f6s matalakiiltoisena (30 %).<\/p>\n<\/div>\n<\/div>\n<div class=\"separator transparent center \"><\/div>\n<div class=\"wpb_text_column wpb_content_element \">\n<div class=\"wpb_wrapper\">\n<p>Sinkki\u00e4 sis\u00e4lt\u00e4v\u00e4 pohjamaali PZ 790 eli sinkkipohjamaali: Jauhesinkki PZ 790\/polyzink on uuden tyyppinen sinkkijauhepohjamaali (pohjustusaine), jota on testattu useissa paikoissa maailmassa, mukaan lukien Ruotsissa. Tuote PZ 790 on tarkoitettu ter\u00e4spintojen suojaamiseen, jotta t\u00e4m\u00e4 prosessi nopeutuisi esimerkiksi kuumak\u00e4sittelyyn verrattuna. Siksi maalaus ja sinkkijauheen levitys tapahtuvat samassa ty\u00f6pajassa samoilla laitteilla. Ruotsissa tehdyiss\u00e4 testeiss\u00e4 todettiin, ett\u00e4 PZ 790:t\u00e4 voidaan verrata ter\u00e4ksen k\u00e4sittelyyn kuumasinkityksell\u00e4. On kuitenkin muistettava, ett\u00e4 PZ 790 vaatii aina p\u00e4\u00e4llysteekseen s\u00e4vytetyn jauhemaalin. Testeiss\u00e4 osoitettiin my\u00f6s, ett\u00e4 PZ 790 on huomattavasti parempi kuin sinkkifosfaattilevy, joka oli pinnoitettu m\u00e4r\u00e4ll\u00e4 pohjamaalilla ja jonka pintamaalina oli polyesterijauhemaali. Kaikissa Ruotsissa tehdyiss\u00e4 testeiss\u00e4 k\u00e4ytettiin VCE:n (Volvo Construction Equipment \u2013 Volvon rakennuskoneet) hyv\u00e4ksym\u00e4\u00e4 tyypin 12 688 Interpon polyesterijauhemaalia.<\/p>\n<p>Jauhemaalien kanssa ty\u00f6skentelyyn k\u00e4ytet\u00e4\u00e4n RAL-, NCS- ja RR-v\u00e4rikarttoja, joista yleisin on RAL.<\/p>\n<p>Lis\u00e4ksi on olemassa erikoisefektimaaleja, jauhelakkaa, struktuurimaaleja jne.<\/p>\n<p>*TGIC-vapaa: Ymp\u00e4rist\u00f6yst\u00e4v\u00e4llinen ja terveydelle turvallinen raskasmetalliton jauhemaali.<\/p>\n<\/div>\n<\/div>\n<p>[\/et_pb_text][\/et_pb_column][\/et_pb_row][\/et_pb_section]<\/p>\n","protected":false},"excerpt":{"rendered":"<p>Jauhemaali eli l\u00e4mp\u00f6kovettuva maali on maali, joka uunissa kuumennettaessa syntyv\u00e4n kemiallisen reaktion tuloksena muodostaa mekaanisesti vahvan ja kest\u00e4v\u00e4n kalvon. Jauhemaali luokitellaan ominaisuuksiensa mukaan ryhmiin: 1. Epoksi (sis\u00e4tiloihin, iskunkest\u00e4vyyteen perustuva)2. Epoksi-polyesteri (sis\u00e4tilojen elementit)3. Polyesterit (s\u00e4\u00e4nkest\u00e4v\u00e4t, ulkok\u00e4ytt\u00f6\u00f6n)4. Polyuretaanit (erityisen vaativiin s\u00e4\u00e4olosuhteisiin tarkoitetut osat) K\u00e4yt\u00e4mme maailman suurimman jauhemaalivalmistajan Akzo Nobelin jauhemaaleja (tuotemerkki INTERPON). &nbsp; Jauhemaali eli l\u00e4mp\u00f6kovettuva maali [&hellip;]<\/p>\n","protected":false},"author":1,"featured_media":0,"parent":0,"menu_order":0,"comment_status":"closed","ping_status":"closed","template":"","meta":{"_et_pb_use_builder":"on","_et_pb_old_content":"","_et_gb_content_width":"","footnotes":""},"class_list":["post-100348","page","type-page","status-publish","hentry"],"_links":{"self":[{"href":"https:\/\/arcocolor.ee\/fi\/wp-json\/wp\/v2\/pages\/100348","targetHints":{"allow":["GET"]}}],"collection":[{"href":"https:\/\/arcocolor.ee\/fi\/wp-json\/wp\/v2\/pages"}],"about":[{"href":"https:\/\/arcocolor.ee\/fi\/wp-json\/wp\/v2\/types\/page"}],"author":[{"embeddable":true,"href":"https:\/\/arcocolor.ee\/fi\/wp-json\/wp\/v2\/users\/1"}],"replies":[{"embeddable":true,"href":"https:\/\/arcocolor.ee\/fi\/wp-json\/wp\/v2\/comments?post=100348"}],"version-history":[{"count":4,"href":"https:\/\/arcocolor.ee\/fi\/wp-json\/wp\/v2\/pages\/100348\/revisions"}],"predecessor-version":[{"id":100357,"href":"https:\/\/arcocolor.ee\/fi\/wp-json\/wp\/v2\/pages\/100348\/revisions\/100357"}],"wp:attachment":[{"href":"https:\/\/arcocolor.ee\/fi\/wp-json\/wp\/v2\/media?parent=100348"}],"curies":[{"name":"wp","href":"https:\/\/api.w.org\/{rel}","templated":true}]}}